{"id":201,"date":"2025-09-01T19:07:58","date_gmt":"2025-09-01T19:07:58","guid":{"rendered":"https:\/\/rafakambo.com\/?page_id=201"},"modified":"2026-01-12T18:40:28","modified_gmt":"2026-01-12T18:40:28","slug":"tribal-detox","status":"publish","type":"page","link":"https:\/\/rafakambo.com\/en\/tribal-detox\/","title":{"rendered":"Tribal Detox"},"content":{"rendered":"<div data-elementor-type=\"wp-page\" data-elementor-id=\"201\" class=\"elementor elementor-201\" data-elementor-post-type=\"page\">\n\t\t\t\t<div class=\"elementor-element elementor-element-403f6620 e-flex e-con-boxed e-con e-parent\" data-id=\"403f6620\" data-element_type=\"container\" data-e-type=\"container\" data-settings=\"{&quot;background_background&quot;:&quot;classic&quot;}\">\n\t\t\t\t\t<div class=\"e-con-inner\">\n\t\t<div class=\"elementor-element elementor-element-62fdbf0 e-con-full e-flex e-con e-child\" data-id=\"62fdbf0\" data-element_type=\"container\" data-e-type=\"container\">\n\t\t\t\t<div class=\"elementor-element elementor-element-6988368c elementor-invisible elementor-widget elementor-widget-heading\" data-id=\"6988368c\" data-element_type=\"widget\" data-e-type=\"widget\" data-settings=\"{&quot;_animation&quot;:&quot;bounceInUp&quot;}\" data-widget_type=\"heading.default\">\n\t\t\t\t\t<h2 class=\"elementor-heading-title elementor-size-default\">Tribal Detox<\/h2>\t\t\t\t<\/div>\n\t\t\t\t<\/div>\n\t\t\t\t\t<\/div>\n\t\t\t\t<\/div>\n\t\t<div class=\"elementor-element elementor-element-769652e e-con-full e-flex e-con e-parent\" data-id=\"769652e\" data-element_type=\"container\" data-e-type=\"container\">\n\t\t<div class=\"elementor-element elementor-element-05d5c85 e-con-full e-flex e-con e-child\" data-id=\"05d5c85\" data-element_type=\"container\" data-e-type=\"container\">\n\t\t\t\t<div class=\"elementor-element elementor-element-97aa5dc elementor-invisible elementor-widget elementor-widget-text-editor\" data-id=\"97aa5dc\" data-element_type=\"widget\" data-e-type=\"widget\" data-settings=\"{&quot;_animation&quot;:&quot;bounceInUp&quot;}\" data-widget_type=\"text-editor.default\">\n\t\t\t\t\t\t\t\t\tTribal Detox is an international organization dedicated to the training and\nsafe practice of Kambo, the ancestral Amazonian medicine derived from the\nsecretion of the Phyllomedusa bicolor frog.\n<br><br>\nFounded by Jason Fellows, Tribal Detox has become one of the most\nrecognized Kambo schools worldwide.\n<br><br>\nJason\u2019s vision is clear: to preserve the integrity of Kambo as an ancestral\nmedicine by integrating a modern approach grounded in safety, ethics and\nefficacy.\n<br><br>\nIts teaching model has inspired a global community of certified practitioners\ncommitted to offering this medicine with integrity, respect and\nprofessionalism.\t\t\t\t\t\t\t\t<\/div>\n\t\t\t\t<\/div>\n\t\t<div class=\"elementor-element elementor-element-c64b12a e-con-full scrollable-column e-flex elementor-invisible e-con e-child\" data-id=\"c64b12a\" data-element_type=\"container\" data-e-type=\"container\" data-settings=\"{&quot;background_background&quot;:&quot;classic&quot;,&quot;animation&quot;:&quot;bounce&quot;}\">\n\t\t\t\t<div class=\"elementor-element elementor-element-c6ba9d2 elementor-widget elementor-widget-image\" data-id=\"c6ba9d2\" data-element_type=\"widget\" data-e-type=\"widget\" data-widget_type=\"image.default\">\n\t\t\t\t\t\t\t\t\t\t\t\t\t\t\t<img fetchpriority=\"high\" decoding=\"async\" width=\"1079\" height=\"1083\" src=\"https:\/\/rafakambo.com\/wp-content\/uploads\/2025\/09\/kambo-logo-bg.6eedb5753ac34bfddbbb.png\" class=\"attachment-full size-full wp-image-203\" alt=\"\" srcset=\"https:\/\/rafakambo.com\/wp-content\/uploads\/2025\/09\/kambo-logo-bg.6eedb5753ac34bfddbbb.png 1079w, https:\/\/rafakambo.com\/wp-content\/uploads\/2025\/09\/kambo-logo-bg.6eedb5753ac34bfddbbb-300x300.png 300w, https:\/\/rafakambo.com\/wp-content\/uploads\/2025\/09\/kambo-logo-bg.6eedb5753ac34bfddbbb-1020x1024.png 1020w, https:\/\/rafakambo.com\/wp-content\/uploads\/2025\/09\/kambo-logo-bg.6eedb5753ac34bfddbbb-150x150.png 150w, https:\/\/rafakambo.com\/wp-content\/uploads\/2025\/09\/kambo-logo-bg.6eedb5753ac34bfddbbb-768x771.png 768w\" sizes=\"(max-width: 1079px) 100vw, 1079px\" \/>\t\t\t\t\t\t\t\t\t\t\t\t\t\t\t<\/div>\n\t\t\t\t<\/div>\n\t\t\t\t<\/div>\n\t\t\t\t<\/div>","protected":false},"excerpt":{"rendered":"<p>Tribal Detox Tribal Detox es una organizaci\u00f3n internacional dedicada a la formaci\u00f3n y a la pr\u00e1ctica segura del Kambo, la medicina ancestral amaz\u00f3nica obtenida de la secreci\u00f3n de la rana Phyllomedusa bicolor. Fundada por Jason Fellows, se ha consolidado como una de las escuelas de Kambo m\u00e1s reconocidas a nivel mundial. La visi\u00f3n de Jason [&hellip;]<\/p>","protected":false},"author":1,"featured_media":0,"parent":0,"menu_order":0,"comment_status":"closed","ping_status":"closed","template":"","meta":{"footnotes":""},"class_list":["post-201","page","type-page","status-publish","hentry"],"yoast_head":"<!-- This site is optimized with the Yoast SEO plugin v27.4 - https:\/\/yoast.com\/product\/yoast-seo-wordpress\/ -->\n<title>Tribal Detox - Rafa Kambo<\/title>\n<meta name=\"robots\" content=\"index, follow, max-snippet:-1, max-image-preview:large, max-video-preview:-1\" \/>\n<link rel=\"canonical\" href=\"https:\/\/rafakambo.com\/en\/tribal-detox\/\" \/>\n<meta property=\"og:locale\" content=\"en_US\" \/>\n<meta property=\"og:type\" content=\"article\" \/>\n<meta property=\"og:title\" content=\"Tribal Detox - Rafa Kambo\" \/>\n<meta property=\"og:description\" content=\"Tribal Detox Tribal Detox es una organizaci\u00f3n internacional dedicada a la formaci\u00f3n y a la pr\u00e1ctica segura del Kambo, la medicina ancestral amaz\u00f3nica obtenida de la secreci\u00f3n de la rana Phyllomedusa bicolor. Fundada por Jason Fellows, se ha consolidado como una de las escuelas de Kambo m\u00e1s reconocidas a nivel mundial. La visi\u00f3n de Jason [&hellip;]\" \/>\n<meta property=\"og:url\" content=\"https:\/\/rafakambo.com\/en\/tribal-detox\/\" \/>\n<meta property=\"og:site_name\" content=\"Rafa Kambo\" \/>\n<meta property=\"article:modified_time\" content=\"2026-01-12T18:40:28+00:00\" \/>\n<meta property=\"og:image\" content=\"http:\/\/rafakambo.com\/wp-content\/uploads\/2025\/09\/kambo-logo-bg.6eedb5753ac34bfddbbb.png\" \/>\n<meta name=\"twitter:card\" content=\"summary_large_image\" \/>\n<meta name=\"twitter:label1\" content=\"Est. reading time\" \/>\n\t<meta name=\"twitter:data1\" content=\"1 minute\" \/>\n<script type=\"application\/ld+json\" class=\"yoast-schema-graph\">{\"@context\":\"https:\\\/\\\/schema.org\",\"@graph\":[{\"@type\":\"WebPage\",\"@id\":\"https:\\\/\\\/rafakambo.com\\\/tribal-detox\\\/\",\"url\":\"https:\\\/\\\/rafakambo.com\\\/tribal-detox\\\/\",\"name\":\"Tribal Detox - Rafa Kambo\",\"isPartOf\":{\"@id\":\"https:\\\/\\\/rafakambo.com\\\/#website\"},\"primaryImageOfPage\":{\"@id\":\"https:\\\/\\\/rafakambo.com\\\/tribal-detox\\\/#primaryimage\"},\"image\":{\"@id\":\"https:\\\/\\\/rafakambo.com\\\/tribal-detox\\\/#primaryimage\"},\"thumbnailUrl\":\"http:\\\/\\\/rafakambo.com\\\/wp-content\\\/uploads\\\/2025\\\/09\\\/kambo-logo-bg.6eedb5753ac34bfddbbb.png\",\"datePublished\":\"2025-09-01T19:07:58+00:00\",\"dateModified\":\"2026-01-12T18:40:28+00:00\",\"breadcrumb\":{\"@id\":\"https:\\\/\\\/rafakambo.com\\\/tribal-detox\\\/#breadcrumb\"},\"inLanguage\":\"en-US\",\"potentialAction\":[{\"@type\":\"ReadAction\",\"target\":[\"https:\\\/\\\/rafakambo.com\\\/tribal-detox\\\/\"]}]},{\"@type\":\"ImageObject\",\"inLanguage\":\"en-US\",\"@id\":\"https:\\\/\\\/rafakambo.com\\\/tribal-detox\\\/#primaryimage\",\"url\":\"http:\\\/\\\/rafakambo.com\\\/wp-content\\\/uploads\\\/2025\\\/09\\\/kambo-logo-bg.6eedb5753ac34bfddbbb.png\",\"contentUrl\":\"http:\\\/\\\/rafakambo.com\\\/wp-content\\\/uploads\\\/2025\\\/09\\\/kambo-logo-bg.6eedb5753ac34bfddbbb.png\"},{\"@type\":\"BreadcrumbList\",\"@id\":\"https:\\\/\\\/rafakambo.com\\\/tribal-detox\\\/#breadcrumb\",\"itemListElement\":[{\"@type\":\"ListItem\",\"position\":1,\"name\":\"Home\",\"item\":\"https:\\\/\\\/rafakambo.com\\\/\"},{\"@type\":\"ListItem\",\"position\":2,\"name\":\"Tribal Detox\"}]},{\"@type\":\"WebSite\",\"@id\":\"https:\\\/\\\/rafakambo.com\\\/#website\",\"url\":\"https:\\\/\\\/rafakambo.com\\\/\",\"name\":\"Rafa Kambo\",\"description\":\"\",\"publisher\":{\"@id\":\"https:\\\/\\\/rafakambo.com\\\/#organization\"},\"potentialAction\":[{\"@type\":\"SearchAction\",\"target\":{\"@type\":\"EntryPoint\",\"urlTemplate\":\"https:\\\/\\\/rafakambo.com\\\/?s={search_term_string}\"},\"query-input\":{\"@type\":\"PropertyValueSpecification\",\"valueRequired\":true,\"valueName\":\"search_term_string\"}}],\"inLanguage\":\"en-US\"},{\"@type\":\"Organization\",\"@id\":\"https:\\\/\\\/rafakambo.com\\\/#organization\",\"name\":\"Rafa Kambo\",\"url\":\"https:\\\/\\\/rafakambo.com\\\/\",\"logo\":{\"@type\":\"ImageObject\",\"inLanguage\":\"en-US\",\"@id\":\"https:\\\/\\\/rafakambo.com\\\/#\\\/schema\\\/logo\\\/image\\\/\",\"url\":\"https:\\\/\\\/rafakambo.com\\\/wp-content\\\/uploads\\\/2025\\\/08\\\/logo-kambo.webp\",\"contentUrl\":\"https:\\\/\\\/rafakambo.com\\\/wp-content\\\/uploads\\\/2025\\\/08\\\/logo-kambo.webp\",\"width\":2048,\"height\":2048,\"caption\":\"Rafa Kambo\"},\"image\":{\"@id\":\"https:\\\/\\\/rafakambo.com\\\/#\\\/schema\\\/logo\\\/image\\\/\"}}]}<\/script>\n<!-- \/ Yoast SEO plugin. -->","yoast_head_json":{"title":"Tribal Detox - Rafa Kambo","robots":{"index":"index","follow":"follow","max-snippet":"max-snippet:-1","max-image-preview":"max-image-preview:large","max-video-preview":"max-video-preview:-1"},"canonical":"https:\/\/rafakambo.com\/en\/tribal-detox\/","og_locale":"en_US","og_type":"article","og_title":"Tribal Detox - Rafa Kambo","og_description":"Tribal Detox Tribal Detox es una organizaci\u00f3n internacional dedicada a la formaci\u00f3n y a la pr\u00e1ctica segura del Kambo, la medicina ancestral amaz\u00f3nica obtenida de la secreci\u00f3n de la rana Phyllomedusa bicolor. Fundada por Jason Fellows, se ha consolidado como una de las escuelas de Kambo m\u00e1s reconocidas a nivel mundial. La visi\u00f3n de Jason [&hellip;]","og_url":"https:\/\/rafakambo.com\/en\/tribal-detox\/","og_site_name":"Rafa Kambo","article_modified_time":"2026-01-12T18:40:28+00:00","og_image":[{"url":"http:\/\/rafakambo.com\/wp-content\/uploads\/2025\/09\/kambo-logo-bg.6eedb5753ac34bfddbbb.png","type":"","width":"","height":""}],"twitter_card":"summary_large_image","twitter_misc":{"Est. reading time":"1 minute"},"schema":{"@context":"https:\/\/schema.org","@graph":[{"@type":"WebPage","@id":"https:\/\/rafakambo.com\/tribal-detox\/","url":"https:\/\/rafakambo.com\/tribal-detox\/","name":"Tribal Detox - Rafa Kambo","isPartOf":{"@id":"https:\/\/rafakambo.com\/#website"},"primaryImageOfPage":{"@id":"https:\/\/rafakambo.com\/tribal-detox\/#primaryimage"},"image":{"@id":"https:\/\/rafakambo.com\/tribal-detox\/#primaryimage"},"thumbnailUrl":"http:\/\/rafakambo.com\/wp-content\/uploads\/2025\/09\/kambo-logo-bg.6eedb5753ac34bfddbbb.png","datePublished":"2025-09-01T19:07:58+00:00","dateModified":"2026-01-12T18:40:28+00:00","breadcrumb":{"@id":"https:\/\/rafakambo.com\/tribal-detox\/#breadcrumb"},"inLanguage":"en-US","potentialAction":[{"@type":"ReadAction","target":["https:\/\/rafakambo.com\/tribal-detox\/"]}]},{"@type":"ImageObject","inLanguage":"en-US","@id":"https:\/\/rafakambo.com\/tribal-detox\/#primaryimage","url":"http:\/\/rafakambo.com\/wp-content\/uploads\/2025\/09\/kambo-logo-bg.6eedb5753ac34bfddbbb.png","contentUrl":"http:\/\/rafakambo.com\/wp-content\/uploads\/2025\/09\/kambo-logo-bg.6eedb5753ac34bfddbbb.png"},{"@type":"BreadcrumbList","@id":"https:\/\/rafakambo.com\/tribal-detox\/#breadcrumb","itemListElement":[{"@type":"ListItem","position":1,"name":"Home","item":"https:\/\/rafakambo.com\/"},{"@type":"ListItem","position":2,"name":"Tribal Detox"}]},{"@type":"WebSite","@id":"https:\/\/rafakambo.com\/#website","url":"https:\/\/rafakambo.com\/","name":"Rafa Kambo","description":"","publisher":{"@id":"https:\/\/rafakambo.com\/#organization"},"potentialAction":[{"@type":"SearchAction","target":{"@type":"EntryPoint","urlTemplate":"https:\/\/rafakambo.com\/?s={search_term_string}"},"query-input":{"@type":"PropertyValueSpecification","valueRequired":true,"valueName":"search_term_string"}}],"inLanguage":"en-US"},{"@type":"Organization","@id":"https:\/\/rafakambo.com\/#organization","name":"Rafa Kambo","url":"https:\/\/rafakambo.com\/","logo":{"@type":"ImageObject","inLanguage":"en-US","@id":"https:\/\/rafakambo.com\/#\/schema\/logo\/image\/","url":"https:\/\/rafakambo.com\/wp-content\/uploads\/2025\/08\/logo-kambo.webp","contentUrl":"https:\/\/rafakambo.com\/wp-content\/uploads\/2025\/08\/logo-kambo.webp","width":2048,"height":2048,"caption":"Rafa Kambo"},"image":{"@id":"https:\/\/rafakambo.com\/#\/schema\/logo\/image\/"}}]}},"_links":{"self":[{"href":"https:\/\/rafakambo.com\/en\/wp-json\/wp\/v2\/pages\/201","targetHints":{"allow":["GET"]}}],"collection":[{"href":"https:\/\/rafakambo.com\/en\/wp-json\/wp\/v2\/pages"}],"about":[{"href":"https:\/\/rafakambo.com\/en\/wp-json\/wp\/v2\/types\/page"}],"author":[{"embeddable":true,"href":"https:\/\/rafakambo.com\/en\/wp-json\/wp\/v2\/users\/1"}],"replies":[{"embeddable":true,"href":"https:\/\/rafakambo.com\/en\/wp-json\/wp\/v2\/comments?post=201"}],"version-history":[{"count":40,"href":"https:\/\/rafakambo.com\/en\/wp-json\/wp\/v2\/pages\/201\/revisions"}],"predecessor-version":[{"id":553,"href":"https:\/\/rafakambo.com\/en\/wp-json\/wp\/v2\/pages\/201\/revisions\/553"}],"wp:attachment":[{"href":"https:\/\/rafakambo.com\/en\/wp-json\/wp\/v2\/media?parent=201"}],"curies":[{"name":"wp","href":"https:\/\/api.w.org\/{rel}","templated":true}]}}