{"id":192,"date":"2025-09-01T18:58:23","date_gmt":"2025-09-01T18:58:23","guid":{"rendered":"https:\/\/rafakambo.com\/?page_id=192"},"modified":"2025-10-24T19:05:27","modified_gmt":"2025-10-24T19:05:27","slug":"que-esperar-durante-una-sesion-de-kambo","status":"publish","type":"page","link":"https:\/\/rafakambo.com\/en\/que-esperar-durante-una-sesion-de-kambo\/","title":{"rendered":"What to Expect During a Kambo Session?"},"content":{"rendered":"<div data-elementor-type=\"wp-page\" data-elementor-id=\"192\" class=\"elementor elementor-192\" data-elementor-post-type=\"page\">\n\t\t\t\t<div class=\"elementor-element elementor-element-5cb35853 e-flex e-con-boxed e-con e-parent\" data-id=\"5cb35853\" data-element_type=\"container\" data-e-type=\"container\" data-settings=\"{&quot;background_background&quot;:&quot;classic&quot;}\">\n\t\t\t\t\t<div class=\"e-con-inner\">\n\t\t<div class=\"elementor-element elementor-element-523571ec e-con-full e-flex e-con e-child\" data-id=\"523571ec\" data-element_type=\"container\" data-e-type=\"container\">\n\t\t\t\t<div class=\"elementor-element elementor-element-20adc86f elementor-invisible elementor-widget elementor-widget-heading\" data-id=\"20adc86f\" data-element_type=\"widget\" data-e-type=\"widget\" data-settings=\"{&quot;_animation&quot;:&quot;bounceInUp&quot;}\" data-widget_type=\"heading.default\">\n\t\t\t\t\t<h2 class=\"elementor-heading-title elementor-size-default\">What to Expect During a Kambo Session?\n<\/h2>\t\t\t\t<\/div>\n\t\t\t\t<\/div>\n\t\t\t\t<div class=\"elementor-element elementor-element-ab1a234 elementor-widget elementor-widget-html\" data-id=\"ab1a234\" data-element_type=\"widget\" data-e-type=\"widget\" data-widget_type=\"html.default\">\n\t\t\t\t\t<!-- Breadcrumb elegante centrado -->\r\n<link href=\"https:\/\/fonts.googleapis.com\/css2?family=Poppins:wght@400;500;600&display=swap\" rel=\"stylesheet\">\r\n\r\n<nav class=\"crumbs\" aria-label=\"breadcrumb\">\r\n  <ol>\r\n    <li><a href=\"\/en\/\">Home<\/a><\/li>\r\n\r\n    <li>\r\n      <svg aria-hidden=\"true\" viewbox=\"0 0 24 24\" width=\"16\" height=\"16\"><path d=\"M9 6l6 6-6 6\" fill=\"none\" stroke=\"currentColor\" stroke-width=\"2\" stroke-linecap=\"round\" stroke-linejoin=\"round\"\/><\/svg>\r\n      <span aria-current=\"page\" style=\"color:#fff;\">What to Expect During a Kambo Session?\r\n<\/span>\r\n    <\/li>\r\n  <\/ol>\r\n<\/nav>\r\n\r\n<style>\r\n  :root { --brand:#4CAF50; --text:#2b2b2b; --muted:#6b7280; }\r\n\r\n  .crumbs {\r\n    font-family: \"Poppins\", system-ui, -apple-system, Segoe UI, Roboto, Arial, sans-serif;\r\n    display: block;\r\n    width: 100%;\r\n    text-align: center;        \/* centrado *\/\r\n    margin: 12px 0 24px;\r\n  }\r\n\r\n  .crumbs ol {\r\n    display: inline-flex;      \/* centra el conjunto *\/\r\n    align-items: center;\r\n    gap: 10px;\r\n    padding: 10px 16px;\r\n    margin: 0;\r\n    list-style: none;\r\n    background: rgba(76,175,80,.06); \/* sutil pill *\/\r\n    border: 1px solid rgba(76,175,80,.18);\r\n    border-radius: 999px;\r\n    box-shadow: 0 6px 20px rgba(76,175,80,.08);\r\n  }\r\n\r\n  .crumbs li {\r\n    display: inline-flex;\r\n    align-items: center;\r\n    gap: 10px;\r\n    font-size: 14px;\r\n    color: var(--muted);\r\n    white-space: nowrap;\r\n  }\r\n\r\n  .crumbs a {\r\n    color: var(--brand);\r\n    text-decoration: none;\r\n    font-weight: 500;\r\n    transition: opacity .2s ease, transform .2s ease;\r\n  }\r\n  .crumbs a:hover { opacity: .85; transform: translateY(-1px); }\r\n\r\n  .crumbs svg {\r\n    color: rgba(76,175,80,.8);\r\n    flex: 0 0 auto;\r\n  }\r\n\r\n  .crumbs [aria-current=\"page\"] {\r\n    color: var(--text);\r\n    font-weight: 600;\r\n  }\r\n\r\n  \/* Responsivo *\/\r\n  @media (max-width: 480px) {\r\n    .crumbs ol { gap: 6px; padding: 8px 12px; }\r\n    .crumbs li { font-size: 13px; gap: 6px; }\r\n    .crumbs svg { width: 14px; height: 14px; }\r\n  }\r\n<\/style>\r\n\t\t\t\t<\/div>\n\t\t\t\t\t<\/div>\n\t\t\t\t<\/div>\n\t\t<div class=\"elementor-element elementor-element-7e2855d e-con-full e-flex e-con e-parent\" data-id=\"7e2855d\" data-element_type=\"container\" data-e-type=\"container\">\n\t\t<div class=\"elementor-element elementor-element-7247fc0 e-con-full scrollable-column e-flex e-con e-child\" data-id=\"7247fc0\" data-element_type=\"container\" data-e-type=\"container\">\n\t\t\t\t<div class=\"elementor-element elementor-element-2e1d598 elementor-invisible elementor-widget elementor-widget-text-editor\" data-id=\"2e1d598\" data-element_type=\"widget\" data-e-type=\"widget\" data-settings=\"{&quot;_animation&quot;:&quot;bounceInUp&quot;}\" data-widget_type=\"text-editor.default\">\n\t\t\t\t\t\t\t\t\t<p data-start=\"107\" data-end=\"490\">Kambo is applied through small superficial points on the skin. A thin layer of the top skin is gently removed to create micro-openings, allowing the secretion to enter the body.<\/p><p data-start=\"492\" data-end=\"627\">In an initial session, 3\u20135 points are typically created. Prior to the application of the medicine, the client is instructed to drink approximately 1 liter of water.<br>\n\nOnce applied, Kambo\u2019s effects appear quickly but are temporary, lasting approximately 20\u201325 minutes.<\/p><p data-start=\"629\" data-end=\"979\"><strong data-start=\"629\" data-end=\"650\">First Minutes:<\/strong> Between 30 seconds and the first minute, a rise in body heat may be felt, accompanied by a slight increase in pulse and a sensation of pressure in the head. Tingling or numbness may appear in the lips, tongue, and ears, as well as dizziness or light-headedness. These sensations usually last 5\u201310 minutes.<\/p><p data-start=\"981\" data-end=\"1343\"><strong data-start=\"981\" data-end=\"1004\">Release Phase:<\/strong> During the next 10\u201320 minutes, some people experience flu-like symptoms such as nausea, weakness, or body aches. In some cases, purging (vomiting) may occur, however, it is not required for the process to be effective, and each person\u2019s experience varies.\u00a0<\/p><p data-start=\"1345\" data-end=\"1656\">After this phase, symptoms quickly subside. The body enters a state of deep relaxation, sometimes accompanied by mental clarity or mild euphoria. After a short recovery period of 30\u201345 minutes, most people can resume normal activities.<\/p><p data-start=\"1658\" data-end=\"1854\">Many participants report that Kambo\u2019s benefits continue to unfold hours or days later, and some perceive lasting positive shifts for an extended period of time.<\/p>\t\t\t\t\t\t\t\t<\/div>\n\t\t\t\t<\/div>\n\t\t<div class=\"elementor-element elementor-element-94e6144 e-con-full e-flex elementor-invisible e-con e-child\" data-id=\"94e6144\" data-element_type=\"container\" data-e-type=\"container\" data-settings=\"{&quot;background_background&quot;:&quot;classic&quot;,&quot;animation&quot;:&quot;bounce&quot;}\">\n\t\t\t\t<div class=\"elementor-element elementor-element-4a94199 elementor-widget elementor-widget-image\" data-id=\"4a94199\" data-element_type=\"widget\" data-e-type=\"widget\" data-widget_type=\"image.default\">\n\t\t\t\t\t\t\t\t\t\t\t\t\t\t\t<img fetchpriority=\"high\" decoding=\"async\" width=\"1080\" height=\"1350\" src=\"https:\/\/rafakambo.com\/wp-content\/uploads\/2025\/10\/IMG_3711.jpg\" class=\"attachment-full size-full wp-image-304\" alt=\"\" srcset=\"https:\/\/rafakambo.com\/wp-content\/uploads\/2025\/10\/IMG_3711.jpg 1080w, https:\/\/rafakambo.com\/wp-content\/uploads\/2025\/10\/IMG_3711-240x300.jpg 240w, https:\/\/rafakambo.com\/wp-content\/uploads\/2025\/10\/IMG_3711-819x1024.jpg 819w, https:\/\/rafakambo.com\/wp-content\/uploads\/2025\/10\/IMG_3711-768x960.jpg 768w\" sizes=\"(max-width: 1080px) 100vw, 1080px\" \/>\t\t\t\t\t\t\t\t\t\t\t\t\t\t\t<\/div>\n\t\t\t\t<\/div>\n\t\t\t\t<\/div>\n\t\t\t\t<\/div>","protected":false},"excerpt":{"rendered":"<p>\u00bfQu\u00e9 esperar durante una sesi\u00f3n de Kambo? Inicio \u00bfQu\u00e9 esperar durante una sesi\u00f3n de Kambo? El Kambo se aplica mediante peque\u00f1os puntos en la piel: microaperturas superficiales que permiten que la secreci\u00f3n ingrese al organismo. Para crearlos, \u00fanicamente se retira de manera delicada una fina capa de la epidermis. En una sesi\u00f3n inicial suelen abrirse [&hellip;]<\/p>","protected":false},"author":1,"featured_media":0,"parent":0,"menu_order":0,"comment_status":"closed","ping_status":"closed","template":"","meta":{"footnotes":""},"class_list":["post-192","page","type-page","status-publish","hentry"],"yoast_head":"<!-- This site is optimized with the Yoast SEO plugin v27.4 - https:\/\/yoast.com\/product\/yoast-seo-wordpress\/ -->\n<title>\u00bfQu\u00e9 esperar durante una sesi\u00f3n de Kambo? - Rafa Kambo<\/title>\n<meta name=\"robots\" content=\"index, follow, max-snippet:-1, max-image-preview:large, max-video-preview:-1\" \/>\n<link rel=\"canonical\" href=\"https:\/\/rafakambo.com\/en\/que-esperar-durante-una-sesion-de-kambo\/\" \/>\n<meta property=\"og:locale\" content=\"en_US\" \/>\n<meta property=\"og:type\" content=\"article\" \/>\n<meta property=\"og:title\" content=\"\u00bfQu\u00e9 esperar durante una sesi\u00f3n de Kambo? - Rafa Kambo\" \/>\n<meta property=\"og:description\" content=\"\u00bfQu\u00e9 esperar durante una sesi\u00f3n de Kambo? Inicio \u00bfQu\u00e9 esperar durante una sesi\u00f3n de Kambo? El Kambo se aplica mediante peque\u00f1os puntos en la piel: microaperturas superficiales que permiten que la secreci\u00f3n ingrese al organismo. Para crearlos, \u00fanicamente se retira de manera delicada una fina capa de la epidermis. En una sesi\u00f3n inicial suelen abrirse [&hellip;]\" \/>\n<meta property=\"og:url\" content=\"https:\/\/rafakambo.com\/en\/que-esperar-durante-una-sesion-de-kambo\/\" \/>\n<meta property=\"og:site_name\" content=\"Rafa Kambo\" \/>\n<meta property=\"article:modified_time\" content=\"2025-10-24T19:05:27+00:00\" \/>\n<meta property=\"og:image\" content=\"http:\/\/rafakambo.com\/wp-content\/uploads\/2025\/10\/IMG_3711.jpg\" \/>\n<meta name=\"twitter:card\" content=\"summary_large_image\" \/>\n<meta name=\"twitter:label1\" content=\"Est. reading time\" \/>\n\t<meta name=\"twitter:data1\" content=\"1 minute\" \/>\n<script type=\"application\/ld+json\" class=\"yoast-schema-graph\">{\"@context\":\"https:\\\/\\\/schema.org\",\"@graph\":[{\"@type\":\"WebPage\",\"@id\":\"https:\\\/\\\/rafakambo.com\\\/que-esperar-durante-una-sesion-de-kambo\\\/\",\"url\":\"https:\\\/\\\/rafakambo.com\\\/que-esperar-durante-una-sesion-de-kambo\\\/\",\"name\":\"\u00bfQu\u00e9 esperar durante una sesi\u00f3n de Kambo? - Rafa Kambo\",\"isPartOf\":{\"@id\":\"https:\\\/\\\/rafakambo.com\\\/#website\"},\"primaryImageOfPage\":{\"@id\":\"https:\\\/\\\/rafakambo.com\\\/que-esperar-durante-una-sesion-de-kambo\\\/#primaryimage\"},\"image\":{\"@id\":\"https:\\\/\\\/rafakambo.com\\\/que-esperar-durante-una-sesion-de-kambo\\\/#primaryimage\"},\"thumbnailUrl\":\"http:\\\/\\\/rafakambo.com\\\/wp-content\\\/uploads\\\/2025\\\/10\\\/IMG_3711.jpg\",\"datePublished\":\"2025-09-01T18:58:23+00:00\",\"dateModified\":\"2025-10-24T19:05:27+00:00\",\"breadcrumb\":{\"@id\":\"https:\\\/\\\/rafakambo.com\\\/que-esperar-durante-una-sesion-de-kambo\\\/#breadcrumb\"},\"inLanguage\":\"en-US\",\"potentialAction\":[{\"@type\":\"ReadAction\",\"target\":[\"https:\\\/\\\/rafakambo.com\\\/que-esperar-durante-una-sesion-de-kambo\\\/\"]}]},{\"@type\":\"ImageObject\",\"inLanguage\":\"en-US\",\"@id\":\"https:\\\/\\\/rafakambo.com\\\/que-esperar-durante-una-sesion-de-kambo\\\/#primaryimage\",\"url\":\"http:\\\/\\\/rafakambo.com\\\/wp-content\\\/uploads\\\/2025\\\/10\\\/IMG_3711.jpg\",\"contentUrl\":\"http:\\\/\\\/rafakambo.com\\\/wp-content\\\/uploads\\\/2025\\\/10\\\/IMG_3711.jpg\"},{\"@type\":\"BreadcrumbList\",\"@id\":\"https:\\\/\\\/rafakambo.com\\\/que-esperar-durante-una-sesion-de-kambo\\\/#breadcrumb\",\"itemListElement\":[{\"@type\":\"ListItem\",\"position\":1,\"name\":\"Home\",\"item\":\"https:\\\/\\\/rafakambo.com\\\/\"},{\"@type\":\"ListItem\",\"position\":2,\"name\":\"\u00bfQu\u00e9 esperar durante una sesi\u00f3n de Kambo?\"}]},{\"@type\":\"WebSite\",\"@id\":\"https:\\\/\\\/rafakambo.com\\\/#website\",\"url\":\"https:\\\/\\\/rafakambo.com\\\/\",\"name\":\"Rafa Kambo\",\"description\":\"\",\"publisher\":{\"@id\":\"https:\\\/\\\/rafakambo.com\\\/#organization\"},\"potentialAction\":[{\"@type\":\"SearchAction\",\"target\":{\"@type\":\"EntryPoint\",\"urlTemplate\":\"https:\\\/\\\/rafakambo.com\\\/?s={search_term_string}\"},\"query-input\":{\"@type\":\"PropertyValueSpecification\",\"valueRequired\":true,\"valueName\":\"search_term_string\"}}],\"inLanguage\":\"en-US\"},{\"@type\":\"Organization\",\"@id\":\"https:\\\/\\\/rafakambo.com\\\/#organization\",\"name\":\"Rafa Kambo\",\"url\":\"https:\\\/\\\/rafakambo.com\\\/\",\"logo\":{\"@type\":\"ImageObject\",\"inLanguage\":\"en-US\",\"@id\":\"https:\\\/\\\/rafakambo.com\\\/#\\\/schema\\\/logo\\\/image\\\/\",\"url\":\"https:\\\/\\\/rafakambo.com\\\/wp-content\\\/uploads\\\/2025\\\/08\\\/logo-kambo.webp\",\"contentUrl\":\"https:\\\/\\\/rafakambo.com\\\/wp-content\\\/uploads\\\/2025\\\/08\\\/logo-kambo.webp\",\"width\":2048,\"height\":2048,\"caption\":\"Rafa Kambo\"},\"image\":{\"@id\":\"https:\\\/\\\/rafakambo.com\\\/#\\\/schema\\\/logo\\\/image\\\/\"}}]}<\/script>\n<!-- \/ Yoast SEO plugin. -->","yoast_head_json":{"title":"\u00bfQu\u00e9 esperar durante una sesi\u00f3n de Kambo? - Rafa Kambo","robots":{"index":"index","follow":"follow","max-snippet":"max-snippet:-1","max-image-preview":"max-image-preview:large","max-video-preview":"max-video-preview:-1"},"canonical":"https:\/\/rafakambo.com\/en\/que-esperar-durante-una-sesion-de-kambo\/","og_locale":"en_US","og_type":"article","og_title":"\u00bfQu\u00e9 esperar durante una sesi\u00f3n de Kambo? - Rafa Kambo","og_description":"\u00bfQu\u00e9 esperar durante una sesi\u00f3n de Kambo? Inicio \u00bfQu\u00e9 esperar durante una sesi\u00f3n de Kambo? El Kambo se aplica mediante peque\u00f1os puntos en la piel: microaperturas superficiales que permiten que la secreci\u00f3n ingrese al organismo. Para crearlos, \u00fanicamente se retira de manera delicada una fina capa de la epidermis. En una sesi\u00f3n inicial suelen abrirse [&hellip;]","og_url":"https:\/\/rafakambo.com\/en\/que-esperar-durante-una-sesion-de-kambo\/","og_site_name":"Rafa Kambo","article_modified_time":"2025-10-24T19:05:27+00:00","og_image":[{"url":"http:\/\/rafakambo.com\/wp-content\/uploads\/2025\/10\/IMG_3711.jpg","type":"","width":"","height":""}],"twitter_card":"summary_large_image","twitter_misc":{"Est. reading time":"1 minute"},"schema":{"@context":"https:\/\/schema.org","@graph":[{"@type":"WebPage","@id":"https:\/\/rafakambo.com\/que-esperar-durante-una-sesion-de-kambo\/","url":"https:\/\/rafakambo.com\/que-esperar-durante-una-sesion-de-kambo\/","name":"\u00bfQu\u00e9 esperar durante una sesi\u00f3n de Kambo? - Rafa Kambo","isPartOf":{"@id":"https:\/\/rafakambo.com\/#website"},"primaryImageOfPage":{"@id":"https:\/\/rafakambo.com\/que-esperar-durante-una-sesion-de-kambo\/#primaryimage"},"image":{"@id":"https:\/\/rafakambo.com\/que-esperar-durante-una-sesion-de-kambo\/#primaryimage"},"thumbnailUrl":"http:\/\/rafakambo.com\/wp-content\/uploads\/2025\/10\/IMG_3711.jpg","datePublished":"2025-09-01T18:58:23+00:00","dateModified":"2025-10-24T19:05:27+00:00","breadcrumb":{"@id":"https:\/\/rafakambo.com\/que-esperar-durante-una-sesion-de-kambo\/#breadcrumb"},"inLanguage":"en-US","potentialAction":[{"@type":"ReadAction","target":["https:\/\/rafakambo.com\/que-esperar-durante-una-sesion-de-kambo\/"]}]},{"@type":"ImageObject","inLanguage":"en-US","@id":"https:\/\/rafakambo.com\/que-esperar-durante-una-sesion-de-kambo\/#primaryimage","url":"http:\/\/rafakambo.com\/wp-content\/uploads\/2025\/10\/IMG_3711.jpg","contentUrl":"http:\/\/rafakambo.com\/wp-content\/uploads\/2025\/10\/IMG_3711.jpg"},{"@type":"BreadcrumbList","@id":"https:\/\/rafakambo.com\/que-esperar-durante-una-sesion-de-kambo\/#breadcrumb","itemListElement":[{"@type":"ListItem","position":1,"name":"Home","item":"https:\/\/rafakambo.com\/"},{"@type":"ListItem","position":2,"name":"\u00bfQu\u00e9 esperar durante una sesi\u00f3n de Kambo?"}]},{"@type":"WebSite","@id":"https:\/\/rafakambo.com\/#website","url":"https:\/\/rafakambo.com\/","name":"Rafa Kambo","description":"","publisher":{"@id":"https:\/\/rafakambo.com\/#organization"},"potentialAction":[{"@type":"SearchAction","target":{"@type":"EntryPoint","urlTemplate":"https:\/\/rafakambo.com\/?s={search_term_string}"},"query-input":{"@type":"PropertyValueSpecification","valueRequired":true,"valueName":"search_term_string"}}],"inLanguage":"en-US"},{"@type":"Organization","@id":"https:\/\/rafakambo.com\/#organization","name":"Rafa Kambo","url":"https:\/\/rafakambo.com\/","logo":{"@type":"ImageObject","inLanguage":"en-US","@id":"https:\/\/rafakambo.com\/#\/schema\/logo\/image\/","url":"https:\/\/rafakambo.com\/wp-content\/uploads\/2025\/08\/logo-kambo.webp","contentUrl":"https:\/\/rafakambo.com\/wp-content\/uploads\/2025\/08\/logo-kambo.webp","width":2048,"height":2048,"caption":"Rafa Kambo"},"image":{"@id":"https:\/\/rafakambo.com\/#\/schema\/logo\/image\/"}}]}},"_links":{"self":[{"href":"https:\/\/rafakambo.com\/en\/wp-json\/wp\/v2\/pages\/192","targetHints":{"allow":["GET"]}}],"collection":[{"href":"https:\/\/rafakambo.com\/en\/wp-json\/wp\/v2\/pages"}],"about":[{"href":"https:\/\/rafakambo.com\/en\/wp-json\/wp\/v2\/types\/page"}],"author":[{"embeddable":true,"href":"https:\/\/rafakambo.com\/en\/wp-json\/wp\/v2\/users\/1"}],"replies":[{"embeddable":true,"href":"https:\/\/rafakambo.com\/en\/wp-json\/wp\/v2\/comments?post=192"}],"version-history":[{"count":34,"href":"https:\/\/rafakambo.com\/en\/wp-json\/wp\/v2\/pages\/192\/revisions"}],"predecessor-version":[{"id":396,"href":"https:\/\/rafakambo.com\/en\/wp-json\/wp\/v2\/pages\/192\/revisions\/396"}],"wp:attachment":[{"href":"https:\/\/rafakambo.com\/en\/wp-json\/wp\/v2\/media?parent=192"}],"curies":[{"name":"wp","href":"https:\/\/api.w.org\/{rel}","templated":true}]}}