{"id":173,"date":"2025-08-29T23:45:02","date_gmt":"2025-08-29T23:45:02","guid":{"rendered":"https:\/\/rafakambo.com\/?page_id=173"},"modified":"2026-02-10T22:52:06","modified_gmt":"2026-02-10T22:52:06","slug":"beneficios","status":"publish","type":"page","link":"https:\/\/rafakambo.com\/en\/beneficios\/","title":{"rendered":"Benefits"},"content":{"rendered":"<div data-elementor-type=\"wp-page\" data-elementor-id=\"173\" class=\"elementor elementor-173\" data-elementor-post-type=\"page\">\n\t\t\t\t<div class=\"elementor-element elementor-element-6f9e5ee6 e-flex e-con-boxed e-con e-parent\" data-id=\"6f9e5ee6\" data-element_type=\"container\" data-e-type=\"container\" data-settings=\"{&quot;background_background&quot;:&quot;classic&quot;}\">\n\t\t\t\t\t<div class=\"e-con-inner\">\n\t\t<div class=\"elementor-element elementor-element-327d0abc e-con-full e-flex e-con e-child\" data-id=\"327d0abc\" data-element_type=\"container\" data-e-type=\"container\">\n\t\t\t\t<div class=\"elementor-element elementor-element-713da23d elementor-invisible elementor-widget elementor-widget-heading\" data-id=\"713da23d\" data-element_type=\"widget\" data-e-type=\"widget\" data-settings=\"{&quot;_animation&quot;:&quot;bounceInUp&quot;}\" data-widget_type=\"heading.default\">\n\t\t\t\t\t<h2 class=\"elementor-heading-title elementor-size-default\">Specific Benefits Backed by Evidence<\/h2>\t\t\t\t<\/div>\n\t\t\t\t<\/div>\n\t\t\t\t\t<\/div>\n\t\t\t\t<\/div>\n\t\t<div class=\"elementor-element elementor-element-3ab78aa e-con-full e-flex e-con e-parent\" data-id=\"3ab78aa\" data-element_type=\"container\" data-e-type=\"container\">\n\t\t<div class=\"elementor-element elementor-element-0cf3257 e-con-full e-flex e-con e-child\" data-id=\"0cf3257\" data-element_type=\"container\" data-e-type=\"container\">\n\t\t\t\t<div class=\"elementor-element elementor-element-496ea50 elementor-invisible elementor-widget elementor-widget-text-editor\" data-id=\"496ea50\" data-element_type=\"widget\" data-e-type=\"widget\" data-settings=\"{&quot;_animation&quot;:&quot;bounceInUp&quot;}\" data-widget_type=\"text-editor.default\">\n\t\t\t\t\t\t\t\t\tKambo, the natural secretion of the Amazonian Phyllomedusa bicolor frog, has\nbeen used for centuries by Indigenous communities as an ally in cultivating\nphysical strength, endurance, and purification of the body. Today, scientific\ninterest in its bioactive peptides offers a deeper understanding of the physiological and emotional effects many participants report after a session.\t\t\t\t\t\t\t\t<\/div>\n\t\t\t\t<\/div>\n\t\t<div class=\"elementor-element elementor-element-f0529cf e-con-full scrollable-column e-flex elementor-invisible e-con e-child\" data-id=\"f0529cf\" data-element_type=\"container\" data-e-type=\"container\" data-settings=\"{&quot;background_background&quot;:&quot;classic&quot;,&quot;animation&quot;:&quot;bounce&quot;}\">\n\t\t\t\t<div class=\"elementor-element elementor-element-06d17b7 elementor-widget elementor-widget-image\" data-id=\"06d17b7\" data-element_type=\"widget\" data-e-type=\"widget\" data-widget_type=\"image.default\">\n\t\t\t\t\t\t\t\t\t\t\t\t\t\t\t<img fetchpriority=\"high\" decoding=\"async\" width=\"1000\" height=\"667\" src=\"https:\/\/rafakambo.com\/wp-content\/uploads\/2025\/08\/2418.jpg\" class=\"attachment-full size-full wp-image-176\" alt=\"\" srcset=\"https:\/\/rafakambo.com\/wp-content\/uploads\/2025\/08\/2418.jpg 1000w, https:\/\/rafakambo.com\/wp-content\/uploads\/2025\/08\/2418-300x200.jpg 300w, https:\/\/rafakambo.com\/wp-content\/uploads\/2025\/08\/2418-768x512.jpg 768w\" sizes=\"(max-width: 1000px) 100vw, 1000px\" \/>\t\t\t\t\t\t\t\t\t\t\t\t\t\t\t<\/div>\n\t\t\t\t<\/div>\n\t\t\t\t<\/div>\n\t\t<div class=\"elementor-element elementor-element-e1792b7 e-con-full e-flex e-con e-parent\" data-id=\"e1792b7\" data-element_type=\"container\" data-e-type=\"container\">\n\t\t<div class=\"elementor-element elementor-element-e13abbd e-con-full e-flex e-con e-child\" data-id=\"e13abbd\" data-element_type=\"container\" data-e-type=\"container\" data-settings=\"{&quot;background_background&quot;:&quot;classic&quot;}\">\n\t\t\t\t<div class=\"elementor-element elementor-element-2880283 elementor-invisible elementor-widget elementor-widget-heading\" data-id=\"2880283\" data-element_type=\"widget\" data-e-type=\"widget\" data-settings=\"{&quot;_animation&quot;:&quot;bounceInUp&quot;}\" data-widget_type=\"heading.default\">\n\t\t\t\t\t<h2 class=\"elementor-heading-title elementor-size-default\">1. STIMULATION OF THE IMMUNE SYSTEM<\/h2>\t\t\t\t<\/div>\n\t\t\t\t<div class=\"elementor-element elementor-element-986faca elementor-invisible elementor-widget elementor-widget-text-editor\" data-id=\"986faca\" data-element_type=\"widget\" data-e-type=\"widget\" data-settings=\"{&quot;_animation&quot;:&quot;bounceInUp&quot;}\" data-widget_type=\"text-editor.default\">\n\t\t\t\t\t\t\t\t\t<p>Peptides such as dermaseptins and adenoregulin interact with the lymphatic\nsystem, supporting toxin elimination and the activation of natural defenses.\nAnecdotally \u2014 and supported by preclinical studies \u2014 many users report increased\nresistance to common infections and a profound sense of purification.<\/p>\t\t\t\t\t\t\t\t<\/div>\n\t\t\t\t<\/div>\n\t\t<div class=\"elementor-element elementor-element-9c1fa80 e-con-full e-flex e-con e-child\" data-id=\"9c1fa80\" data-element_type=\"container\" data-e-type=\"container\" data-settings=\"{&quot;background_background&quot;:&quot;classic&quot;}\">\n\t\t\t\t<div class=\"elementor-element elementor-element-f5ba84c elementor-invisible elementor-widget elementor-widget-heading\" data-id=\"f5ba84c\" data-element_type=\"widget\" data-e-type=\"widget\" data-settings=\"{&quot;_animation&quot;:&quot;bounceInUp&quot;}\" data-widget_type=\"heading.default\">\n\t\t\t\t\t<h2 class=\"elementor-heading-title elementor-size-default\">2. SUPPORT FOR DETOXIFICATION AND BODILY CLEANSING<\/h2>\t\t\t\t<\/div>\n\t\t\t\t<div class=\"elementor-element elementor-element-4ccf3e4 elementor-invisible elementor-widget elementor-widget-text-editor translation-block\" data-id=\"4ccf3e4\" data-element_type=\"widget\" data-e-type=\"widget\" data-settings=\"{&quot;_animation&quot;:&quot;bounceInUp&quot;}\" data-widget_type=\"text-editor.default\">The purging process characteristic of Kambo \u2014 including vomiting, sweating and\nintestinal release \u2014 is not merely symbolic; it activates real physiological cleansing\nmechanisms. By stimulating digestive secretions and intestinal motility \u2014 thanks\nto peptides such as phyllocaerulein \u2014 the body releases accumulated waste,\nhelping to restore homeostasis.<\/div>\n\t\t\t\t<\/div>\n\t\t<div class=\"elementor-element elementor-element-e6b61fa e-con-full e-flex e-con e-child\" data-id=\"e6b61fa\" data-element_type=\"container\" data-e-type=\"container\" data-settings=\"{&quot;background_background&quot;:&quot;classic&quot;}\">\n\t\t\t\t<div class=\"elementor-element elementor-element-355bc95 elementor-invisible elementor-widget elementor-widget-heading\" data-id=\"355bc95\" data-element_type=\"widget\" data-e-type=\"widget\" data-settings=\"{&quot;_animation&quot;:&quot;bounceInUp&quot;}\" data-widget_type=\"heading.default\">\n\t\t\t\t\t<h2 class=\"elementor-heading-title elementor-size-default\">3. EMOTIONAL REGULATION AND MENTAL CLARITY<\/h2>\t\t\t\t<\/div>\n\t\t\t\t<div class=\"elementor-element elementor-element-d6c1a60 elementor-invisible elementor-widget elementor-widget-text-editor\" data-id=\"d6c1a60\" data-element_type=\"widget\" data-e-type=\"widget\" data-settings=\"{&quot;_animation&quot;:&quot;bounceInUp&quot;}\" data-widget_type=\"text-editor.default\">\n\t\t\t\t\t\t\t\t\tMany participants describe a profound sense of emotional reset after a Kambo\nsession. This effect may be related to the release of endorphins and the\nmodulation of neurotransmitters such as serotonin and dopamine, associated with\npeptides like deltorphin and dermorphin. These processes promote calm, focus\nand emotional well-being.\t\t\t\t\t\t\t\t<\/div>\n\t\t\t\t<\/div>\n\t\t<div class=\"elementor-element elementor-element-c3cb97d e-con-full e-flex e-con e-child\" data-id=\"c3cb97d\" data-element_type=\"container\" data-e-type=\"container\" data-settings=\"{&quot;background_background&quot;:&quot;classic&quot;}\">\n\t\t\t\t<div class=\"elementor-element elementor-element-dd38e5c elementor-invisible elementor-widget elementor-widget-heading\" data-id=\"dd38e5c\" data-element_type=\"widget\" data-e-type=\"widget\" data-settings=\"{&quot;_animation&quot;:&quot;bounceInUp&quot;}\" data-widget_type=\"heading.default\">\n\t\t\t\t\t<h2 class=\"elementor-heading-title elementor-size-default\">4. ANALGESIC AND PAIN-MODULATING POTENTIAL<\/h2>\t\t\t\t<\/div>\n\t\t\t\t<div class=\"elementor-element elementor-element-6e3d3ee elementor-invisible elementor-widget elementor-widget-text-editor\" data-id=\"6e3d3ee\" data-element_type=\"widget\" data-e-type=\"widget\" data-settings=\"{&quot;_animation&quot;:&quot;bounceInUp&quot;}\" data-widget_type=\"text-editor.default\">\n\t\t\t\t\t\t\t\t\tKambo\u2019s natural opioid peptides \u2014 dermorphin and deltorphin \u2014 exhibit analgesic\npotency significantly greater than that of morphine, yet without the addictive\npotential of synthetic opioids. Although their clinical use remains under\ninvestigation, this effect may contribute to the sense of relief and physical\nlightness many participants report after a ceremony.\t\t\t\t\t\t\t\t<\/div>\n\t\t\t\t<\/div>\n\t\t<div class=\"elementor-element elementor-element-16c5cbf e-con-full e-flex e-con e-child\" data-id=\"16c5cbf\" data-element_type=\"container\" data-e-type=\"container\" data-settings=\"{&quot;background_background&quot;:&quot;classic&quot;}\">\n\t\t\t\t<div class=\"elementor-element elementor-element-86c4e22 elementor-invisible elementor-widget elementor-widget-heading\" data-id=\"86c4e22\" data-element_type=\"widget\" data-e-type=\"widget\" data-settings=\"{&quot;_animation&quot;:&quot;bounceInUp&quot;}\" data-widget_type=\"heading.default\">\n\t\t\t\t\t<h2 class=\"elementor-heading-title elementor-size-default\">5. INCREASE IN VITALITY AND PHYSICAL ENERGY<\/h2>\t\t\t\t<\/div>\n\t\t\t\t<div class=\"elementor-element elementor-element-1fa5611 elementor-invisible elementor-widget elementor-widget-text-editor\" data-id=\"1fa5611\" data-element_type=\"widget\" data-e-type=\"widget\" data-settings=\"{&quot;_animation&quot;:&quot;bounceInUp&quot;}\" data-widget_type=\"text-editor.default\">\n\t\t\t\t\t\t\t\t\tThe combined effects of physical cleansing, emotional release and immune\nstimulation often result in a marked increase in vitality. Many participants describe\nfeeling lighter, more focused and energized \u2014 with a renewed sense of clarity and\nmotivation after the session.\t\t\t\t\t\t\t\t<\/div>\n\t\t\t\t<\/div>\n\t\t\t\t<\/div>\n\t\t\t\t<\/div>","protected":false},"excerpt":{"rendered":"<p>Beneficios Espec\u00edficos Respaldados El Kambo, secreci\u00f3n natural de la rana amaz\u00f3nica Phyllomedusa bicolor, ha sido utilizado durante siglos por comunidades ind\u00edgenas como un aliado para la fortaleza f\u00edsica, la resistencia y la purificaci\u00f3n del cuerpo. Hoy, el inter\u00e9s cient\u00edfico por sus p\u00e9ptidos bioactivos permite comprender con mayor detalle algunos de los efectos fisiol\u00f3gicos y emocionales [&hellip;]<\/p>","protected":false},"author":1,"featured_media":0,"parent":0,"menu_order":0,"comment_status":"closed","ping_status":"closed","template":"","meta":{"footnotes":""},"class_list":["post-173","page","type-page","status-publish","hentry"],"yoast_head":"<!-- This site is optimized with the Yoast SEO plugin v27.4 - https:\/\/yoast.com\/product\/yoast-seo-wordpress\/ -->\n<title>Beneficios - Rafa Kambo<\/title>\n<meta name=\"robots\" content=\"index, follow, max-snippet:-1, max-image-preview:large, max-video-preview:-1\" \/>\n<link rel=\"canonical\" href=\"https:\/\/rafakambo.com\/en\/beneficios\/\" \/>\n<meta property=\"og:locale\" content=\"en_US\" \/>\n<meta property=\"og:type\" content=\"article\" \/>\n<meta property=\"og:title\" content=\"Beneficios - Rafa Kambo\" \/>\n<meta property=\"og:description\" content=\"Beneficios Espec\u00edficos Respaldados El Kambo, secreci\u00f3n natural de la rana amaz\u00f3nica Phyllomedusa bicolor, ha sido utilizado durante siglos por comunidades ind\u00edgenas como un aliado para la fortaleza f\u00edsica, la resistencia y la purificaci\u00f3n del cuerpo. Hoy, el inter\u00e9s cient\u00edfico por sus p\u00e9ptidos bioactivos permite comprender con mayor detalle algunos de los efectos fisiol\u00f3gicos y emocionales [&hellip;]\" \/>\n<meta property=\"og:url\" content=\"https:\/\/rafakambo.com\/en\/beneficios\/\" \/>\n<meta property=\"og:site_name\" content=\"Rafa Kambo\" \/>\n<meta property=\"article:modified_time\" content=\"2026-02-10T22:52:06+00:00\" \/>\n<meta property=\"og:image\" content=\"http:\/\/rafakambo.com\/wp-content\/uploads\/2025\/08\/2418.jpg\" \/>\n<meta name=\"twitter:card\" content=\"summary_large_image\" \/>\n<meta name=\"twitter:label1\" content=\"Est. reading time\" \/>\n\t<meta name=\"twitter:data1\" content=\"2 minutes\" \/>\n<script type=\"application\/ld+json\" class=\"yoast-schema-graph\">{\"@context\":\"https:\\\/\\\/schema.org\",\"@graph\":[{\"@type\":\"WebPage\",\"@id\":\"https:\\\/\\\/rafakambo.com\\\/beneficios\\\/\",\"url\":\"https:\\\/\\\/rafakambo.com\\\/beneficios\\\/\",\"name\":\"Beneficios - Rafa Kambo\",\"isPartOf\":{\"@id\":\"https:\\\/\\\/rafakambo.com\\\/#website\"},\"primaryImageOfPage\":{\"@id\":\"https:\\\/\\\/rafakambo.com\\\/beneficios\\\/#primaryimage\"},\"image\":{\"@id\":\"https:\\\/\\\/rafakambo.com\\\/beneficios\\\/#primaryimage\"},\"thumbnailUrl\":\"http:\\\/\\\/rafakambo.com\\\/wp-content\\\/uploads\\\/2025\\\/08\\\/2418.jpg\",\"datePublished\":\"2025-08-29T23:45:02+00:00\",\"dateModified\":\"2026-02-10T22:52:06+00:00\",\"breadcrumb\":{\"@id\":\"https:\\\/\\\/rafakambo.com\\\/beneficios\\\/#breadcrumb\"},\"inLanguage\":\"en-US\",\"potentialAction\":[{\"@type\":\"ReadAction\",\"target\":[\"https:\\\/\\\/rafakambo.com\\\/beneficios\\\/\"]}]},{\"@type\":\"ImageObject\",\"inLanguage\":\"en-US\",\"@id\":\"https:\\\/\\\/rafakambo.com\\\/beneficios\\\/#primaryimage\",\"url\":\"http:\\\/\\\/rafakambo.com\\\/wp-content\\\/uploads\\\/2025\\\/08\\\/2418.jpg\",\"contentUrl\":\"http:\\\/\\\/rafakambo.com\\\/wp-content\\\/uploads\\\/2025\\\/08\\\/2418.jpg\"},{\"@type\":\"BreadcrumbList\",\"@id\":\"https:\\\/\\\/rafakambo.com\\\/beneficios\\\/#breadcrumb\",\"itemListElement\":[{\"@type\":\"ListItem\",\"position\":1,\"name\":\"Home\",\"item\":\"https:\\\/\\\/rafakambo.com\\\/\"},{\"@type\":\"ListItem\",\"position\":2,\"name\":\"Beneficios\"}]},{\"@type\":\"WebSite\",\"@id\":\"https:\\\/\\\/rafakambo.com\\\/#website\",\"url\":\"https:\\\/\\\/rafakambo.com\\\/\",\"name\":\"Rafa Kambo\",\"description\":\"\",\"publisher\":{\"@id\":\"https:\\\/\\\/rafakambo.com\\\/#organization\"},\"potentialAction\":[{\"@type\":\"SearchAction\",\"target\":{\"@type\":\"EntryPoint\",\"urlTemplate\":\"https:\\\/\\\/rafakambo.com\\\/?s={search_term_string}\"},\"query-input\":{\"@type\":\"PropertyValueSpecification\",\"valueRequired\":true,\"valueName\":\"search_term_string\"}}],\"inLanguage\":\"en-US\"},{\"@type\":\"Organization\",\"@id\":\"https:\\\/\\\/rafakambo.com\\\/#organization\",\"name\":\"Rafa Kambo\",\"url\":\"https:\\\/\\\/rafakambo.com\\\/\",\"logo\":{\"@type\":\"ImageObject\",\"inLanguage\":\"en-US\",\"@id\":\"https:\\\/\\\/rafakambo.com\\\/#\\\/schema\\\/logo\\\/image\\\/\",\"url\":\"https:\\\/\\\/rafakambo.com\\\/wp-content\\\/uploads\\\/2025\\\/08\\\/logo-kambo.webp\",\"contentUrl\":\"https:\\\/\\\/rafakambo.com\\\/wp-content\\\/uploads\\\/2025\\\/08\\\/logo-kambo.webp\",\"width\":2048,\"height\":2048,\"caption\":\"Rafa Kambo\"},\"image\":{\"@id\":\"https:\\\/\\\/rafakambo.com\\\/#\\\/schema\\\/logo\\\/image\\\/\"}}]}<\/script>\n<!-- \/ Yoast SEO plugin. -->","yoast_head_json":{"title":"Beneficios - Rafa Kambo","robots":{"index":"index","follow":"follow","max-snippet":"max-snippet:-1","max-image-preview":"max-image-preview:large","max-video-preview":"max-video-preview:-1"},"canonical":"https:\/\/rafakambo.com\/en\/beneficios\/","og_locale":"en_US","og_type":"article","og_title":"Beneficios - Rafa Kambo","og_description":"Beneficios Espec\u00edficos Respaldados El Kambo, secreci\u00f3n natural de la rana amaz\u00f3nica Phyllomedusa bicolor, ha sido utilizado durante siglos por comunidades ind\u00edgenas como un aliado para la fortaleza f\u00edsica, la resistencia y la purificaci\u00f3n del cuerpo. Hoy, el inter\u00e9s cient\u00edfico por sus p\u00e9ptidos bioactivos permite comprender con mayor detalle algunos de los efectos fisiol\u00f3gicos y emocionales [&hellip;]","og_url":"https:\/\/rafakambo.com\/en\/beneficios\/","og_site_name":"Rafa Kambo","article_modified_time":"2026-02-10T22:52:06+00:00","og_image":[{"url":"http:\/\/rafakambo.com\/wp-content\/uploads\/2025\/08\/2418.jpg","type":"","width":"","height":""}],"twitter_card":"summary_large_image","twitter_misc":{"Est. reading time":"2 minutes"},"schema":{"@context":"https:\/\/schema.org","@graph":[{"@type":"WebPage","@id":"https:\/\/rafakambo.com\/beneficios\/","url":"https:\/\/rafakambo.com\/beneficios\/","name":"Beneficios - Rafa Kambo","isPartOf":{"@id":"https:\/\/rafakambo.com\/#website"},"primaryImageOfPage":{"@id":"https:\/\/rafakambo.com\/beneficios\/#primaryimage"},"image":{"@id":"https:\/\/rafakambo.com\/beneficios\/#primaryimage"},"thumbnailUrl":"http:\/\/rafakambo.com\/wp-content\/uploads\/2025\/08\/2418.jpg","datePublished":"2025-08-29T23:45:02+00:00","dateModified":"2026-02-10T22:52:06+00:00","breadcrumb":{"@id":"https:\/\/rafakambo.com\/beneficios\/#breadcrumb"},"inLanguage":"en-US","potentialAction":[{"@type":"ReadAction","target":["https:\/\/rafakambo.com\/beneficios\/"]}]},{"@type":"ImageObject","inLanguage":"en-US","@id":"https:\/\/rafakambo.com\/beneficios\/#primaryimage","url":"http:\/\/rafakambo.com\/wp-content\/uploads\/2025\/08\/2418.jpg","contentUrl":"http:\/\/rafakambo.com\/wp-content\/uploads\/2025\/08\/2418.jpg"},{"@type":"BreadcrumbList","@id":"https:\/\/rafakambo.com\/beneficios\/#breadcrumb","itemListElement":[{"@type":"ListItem","position":1,"name":"Home","item":"https:\/\/rafakambo.com\/"},{"@type":"ListItem","position":2,"name":"Beneficios"}]},{"@type":"WebSite","@id":"https:\/\/rafakambo.com\/#website","url":"https:\/\/rafakambo.com\/","name":"Rafa Kambo","description":"","publisher":{"@id":"https:\/\/rafakambo.com\/#organization"},"potentialAction":[{"@type":"SearchAction","target":{"@type":"EntryPoint","urlTemplate":"https:\/\/rafakambo.com\/?s={search_term_string}"},"query-input":{"@type":"PropertyValueSpecification","valueRequired":true,"valueName":"search_term_string"}}],"inLanguage":"en-US"},{"@type":"Organization","@id":"https:\/\/rafakambo.com\/#organization","name":"Rafa Kambo","url":"https:\/\/rafakambo.com\/","logo":{"@type":"ImageObject","inLanguage":"en-US","@id":"https:\/\/rafakambo.com\/#\/schema\/logo\/image\/","url":"https:\/\/rafakambo.com\/wp-content\/uploads\/2025\/08\/logo-kambo.webp","contentUrl":"https:\/\/rafakambo.com\/wp-content\/uploads\/2025\/08\/logo-kambo.webp","width":2048,"height":2048,"caption":"Rafa Kambo"},"image":{"@id":"https:\/\/rafakambo.com\/#\/schema\/logo\/image\/"}}]}},"_links":{"self":[{"href":"https:\/\/rafakambo.com\/en\/wp-json\/wp\/v2\/pages\/173","targetHints":{"allow":["GET"]}}],"collection":[{"href":"https:\/\/rafakambo.com\/en\/wp-json\/wp\/v2\/pages"}],"about":[{"href":"https:\/\/rafakambo.com\/en\/wp-json\/wp\/v2\/types\/page"}],"author":[{"embeddable":true,"href":"https:\/\/rafakambo.com\/en\/wp-json\/wp\/v2\/users\/1"}],"replies":[{"embeddable":true,"href":"https:\/\/rafakambo.com\/en\/wp-json\/wp\/v2\/comments?post=173"}],"version-history":[{"count":40,"href":"https:\/\/rafakambo.com\/en\/wp-json\/wp\/v2\/pages\/173\/revisions"}],"predecessor-version":[{"id":565,"href":"https:\/\/rafakambo.com\/en\/wp-json\/wp\/v2\/pages\/173\/revisions\/565"}],"wp:attachment":[{"href":"https:\/\/rafakambo.com\/en\/wp-json\/wp\/v2\/media?parent=173"}],"curies":[{"name":"wp","href":"https:\/\/api.w.org\/{rel}","templated":true}]}}