{"id":164,"date":"2025-08-29T23:33:21","date_gmt":"2025-08-29T23:33:21","guid":{"rendered":"https:\/\/rafakambo.com\/?page_id=164"},"modified":"2025-12-17T06:20:22","modified_gmt":"2025-12-17T06:20:22","slug":"homeostasis-y-el-kambo","status":"publish","type":"page","link":"https:\/\/rafakambo.com\/en\/homeostasis-y-el-kambo\/","title":{"rendered":"Homeostasis and Kambo"},"content":{"rendered":"<div data-elementor-type=\"wp-page\" data-elementor-id=\"164\" class=\"elementor elementor-164\" data-elementor-post-type=\"page\">\n\t\t\t\t<div class=\"elementor-element elementor-element-7f08cb0b e-flex e-con-boxed e-con e-parent\" data-id=\"7f08cb0b\" data-element_type=\"container\" data-e-type=\"container\" data-settings=\"{&quot;background_background&quot;:&quot;classic&quot;}\">\n\t\t\t\t\t<div class=\"e-con-inner\">\n\t\t<div class=\"elementor-element elementor-element-661fa8b6 e-con-full e-flex e-con e-child\" data-id=\"661fa8b6\" data-element_type=\"container\" data-e-type=\"container\">\n\t\t\t\t<div class=\"elementor-element elementor-element-26a71616 elementor-invisible elementor-widget elementor-widget-heading\" data-id=\"26a71616\" data-element_type=\"widget\" data-e-type=\"widget\" data-settings=\"{&quot;_animation&quot;:&quot;bounceInUp&quot;}\" data-widget_type=\"heading.default\">\n\t\t\t\t\t<h2 class=\"elementor-heading-title elementor-size-default\">Homeostasis and Kambo\n<\/h2>\t\t\t\t<\/div>\n\t\t\t\t<div class=\"elementor-element elementor-element-265eceb elementor-widget elementor-widget-html\" data-id=\"265eceb\" data-element_type=\"widget\" data-e-type=\"widget\" data-widget_type=\"html.default\">\n\t\t\t\t\t<!-- Breadcrumb elegante centrado -->\r\n<link href=\"https:\/\/fonts.googleapis.com\/css2?family=Poppins:wght@400;500;600&display=swap\" rel=\"stylesheet\">\r\n\r\n<nav class=\"crumbs\" aria-label=\"breadcrumb\">\r\n  <ol>\r\n    <li><a href=\"\/en\/\">Home<\/a><\/li>\r\n\r\n    <li>\r\n      <svg aria-hidden=\"true\" viewbox=\"0 0 24 24\" width=\"16\" height=\"16\"><path d=\"M9 6l6 6-6 6\" fill=\"none\" stroke=\"currentColor\" stroke-width=\"2\" stroke-linecap=\"round\" stroke-linejoin=\"round\"\/><\/svg>\r\n      <span aria-current=\"page\" style=\"color:#fff;\">Homeostasis and Kambo\r\n\r\n<\/span>\r\n    <\/li>\r\n  <\/ol>\r\n<\/nav>\r\n\r\n<style>\r\n  :root { --brand:#4CAF50; --text:#2b2b2b; --muted:#6b7280; }\r\n\r\n  .crumbs {\r\n    font-family: \"Poppins\", system-ui, -apple-system, Segoe UI, Roboto, Arial, sans-serif;\r\n    display: block;\r\n    width: 100%;\r\n    text-align: center;        \/* centrado *\/\r\n    margin: 12px 0 24px;\r\n  }\r\n\r\n  .crumbs ol {\r\n    display: inline-flex;      \/* centra el conjunto *\/\r\n    align-items: center;\r\n    gap: 10px;\r\n    padding: 10px 16px;\r\n    margin: 0;\r\n    list-style: none;\r\n    background: rgba(76,175,80,.06); \/* sutil pill *\/\r\n    border: 1px solid rgba(76,175,80,.18);\r\n    border-radius: 999px;\r\n    box-shadow: 0 6px 20px rgba(76,175,80,.08);\r\n  }\r\n\r\n  .crumbs li {\r\n    display: inline-flex;\r\n    align-items: center;\r\n    gap: 10px;\r\n    font-size: 14px;\r\n    color: var(--muted);\r\n    white-space: nowrap;\r\n  }\r\n\r\n  .crumbs a {\r\n    color: var(--brand);\r\n    text-decoration: none;\r\n    font-weight: 500;\r\n    transition: opacity .2s ease, transform .2s ease;\r\n  }\r\n  .crumbs a:hover { opacity: .85; transform: translateY(-1px); }\r\n\r\n  .crumbs svg {\r\n    color: rgba(76,175,80,.8);\r\n    flex: 0 0 auto;\r\n  }\r\n\r\n  .crumbs [aria-current=\"page\"] {\r\n    color: var(--text);\r\n    font-weight: 600;\r\n  }\r\n\r\n  \/* Responsivo *\/\r\n  @media (max-width: 480px) {\r\n    .crumbs ol { gap: 6px; padding: 8px 12px; }\r\n    .crumbs li { font-size: 13px; gap: 6px; }\r\n    .crumbs svg { width: 14px; height: 14px; }\r\n  }\r\n<\/style>\r\n\t\t\t\t<\/div>\n\t\t\t\t<\/div>\n\t\t\t\t\t<\/div>\n\t\t\t\t<\/div>\n\t\t<div class=\"elementor-element elementor-element-6cb4f67 e-con-full e-flex e-con e-parent\" data-id=\"6cb4f67\" data-element_type=\"container\" data-e-type=\"container\">\n\t\t<div class=\"elementor-element elementor-element-25ad987 e-con-full e-flex e-con e-child\" data-id=\"25ad987\" data-element_type=\"container\" data-e-type=\"container\">\n\t\t\t\t<div class=\"elementor-element elementor-element-0fb6220 elementor-invisible elementor-widget elementor-widget-heading\" data-id=\"0fb6220\" data-element_type=\"widget\" data-e-type=\"widget\" data-settings=\"{&quot;_animation&quot;:&quot;bounceInUp&quot;}\" data-widget_type=\"heading.default\">\n\t\t\t\t\t<h2 class=\"elementor-heading-title elementor-size-default\">The Body and Homeostasis<\/h2>\t\t\t\t<\/div>\n\t\t\t\t<div class=\"elementor-element elementor-element-1510aab elementor-invisible elementor-widget elementor-widget-text-editor\" data-id=\"1510aab\" data-element_type=\"widget\" data-e-type=\"widget\" data-settings=\"{&quot;_animation&quot;:&quot;bounceInUp&quot;}\" data-widget_type=\"text-editor.default\">\n\t\t\t\t\t\t\t\t\t<p data-start=\"291\" data-end=\"623\">The human body is a highly precise biological mechanism, capable of adapting and maintaining internal stability in response to environmental changes. Every cell, organ, and system constantly works to sustain <strong data-start=\"516\" data-end=\"531\">homeostasis<\/strong>, the natural state of balance that ensures our physical, emotional, and mental well-being.<\/p>\nHowever, factors such as stress, environmental toxicity, unhealthy habits and\nrepressed emotions can disrupt this balance, generating physical symptoms and\nenergetic blockages that accumulate over time.\t\t\t\t\t\t\t\t<\/div>\n\t\t\t\t<\/div>\n\t\t<div class=\"elementor-element elementor-element-7d4e429 e-con-full scrollable-column e-flex elementor-invisible e-con e-child\" data-id=\"7d4e429\" data-element_type=\"container\" data-e-type=\"container\" data-settings=\"{&quot;background_background&quot;:&quot;classic&quot;,&quot;animation&quot;:&quot;bounce&quot;}\">\n\t\t\t\t<div class=\"elementor-element elementor-element-2b53d88 elementor-widget elementor-widget-image\" data-id=\"2b53d88\" data-element_type=\"widget\" data-e-type=\"widget\" data-widget_type=\"image.default\">\n\t\t\t\t\t\t\t\t\t\t\t\t\t\t\t<img fetchpriority=\"high\" decoding=\"async\" width=\"1000\" height=\"667\" src=\"https:\/\/rafakambo.com\/wp-content\/uploads\/2025\/08\/1432.jpg\" class=\"attachment-full size-full wp-image-167\" alt=\"\" srcset=\"https:\/\/rafakambo.com\/wp-content\/uploads\/2025\/08\/1432.jpg 1000w, https:\/\/rafakambo.com\/wp-content\/uploads\/2025\/08\/1432-300x200.jpg 300w, https:\/\/rafakambo.com\/wp-content\/uploads\/2025\/08\/1432-768x512.jpg 768w\" sizes=\"(max-width: 1000px) 100vw, 1000px\" \/>\t\t\t\t\t\t\t\t\t\t\t\t\t\t\t<\/div>\n\t\t\t\t<\/div>\n\t\t\t\t<\/div>\n\t\t<div class=\"elementor-element elementor-element-1ec6f2b e-con-full e-flex e-con e-parent\" data-id=\"1ec6f2b\" data-element_type=\"container\" data-e-type=\"container\">\n\t\t<div class=\"elementor-element elementor-element-f5baf0c e-con-full e-flex e-con e-child\" data-id=\"f5baf0c\" data-element_type=\"container\" data-e-type=\"container\">\n\t\t\t\t<div class=\"elementor-element elementor-element-1f4411e elementor-invisible elementor-widget elementor-widget-heading\" data-id=\"1f4411e\" data-element_type=\"widget\" data-e-type=\"widget\" data-settings=\"{&quot;_animation&quot;:&quot;bounceInUp&quot;}\" data-widget_type=\"heading.default\">\n\t\t\t\t\t<h2 class=\"elementor-heading-title elementor-size-default\">Kambo as a Natural Catalyst<\/h2>\t\t\t\t<\/div>\n\t\t\t\t<div class=\"elementor-element elementor-element-99bea8e elementor-invisible elementor-widget elementor-widget-text-editor\" data-id=\"99bea8e\" data-element_type=\"widget\" data-e-type=\"widget\" data-settings=\"{&quot;_animation&quot;:&quot;bounceInUp&quot;}\" data-widget_type=\"text-editor.default\">\n\t\t\t\t\t\t\t\t\tKambo acts as a catalyst that helps the body regain its balance. Its complex combination of bioactive peptides interacts with different systems of the organism, stimulating processes of <strong>deep detoxification<\/strong>, <strong>immune strengthening<\/strong> and <strong>emotional release<\/strong>. By promoting homeostasis, Kambo not only supports the elimination of toxins and stagnant energies but also fosters <strong>mental clarity, vitality, and inner connection<\/strong>. The experience is often lived as a true 'inner reset', in which the body returns to its natural state of harmony.\n\nIn essence, the path to homeostasis is a return to the center, a reconnection with the integral health that has always existed within us.\t\t\t\t\t\t\t\t<\/div>\n\t\t\t\t<\/div>\n\t\t<div class=\"elementor-element elementor-element-cc0ce09 e-con-full scrollable-column e-flex elementor-invisible e-con e-child\" data-id=\"cc0ce09\" data-element_type=\"container\" data-e-type=\"container\" data-settings=\"{&quot;background_background&quot;:&quot;classic&quot;,&quot;animation&quot;:&quot;bounce&quot;}\">\n\t\t\t\t<div class=\"elementor-element elementor-element-0044bea elementor-widget elementor-widget-image\" data-id=\"0044bea\" data-element_type=\"widget\" data-e-type=\"widget\" data-widget_type=\"image.default\">\n\t\t\t\t\t\t\t\t\t\t\t\t\t\t\t<img decoding=\"async\" width=\"1000\" height=\"667\" src=\"https:\/\/rafakambo.com\/wp-content\/uploads\/2025\/08\/188.jpg\" class=\"attachment-full size-full wp-image-166\" alt=\"\" srcset=\"https:\/\/rafakambo.com\/wp-content\/uploads\/2025\/08\/188.jpg 1000w, https:\/\/rafakambo.com\/wp-content\/uploads\/2025\/08\/188-300x200.jpg 300w, https:\/\/rafakambo.com\/wp-content\/uploads\/2025\/08\/188-768x512.jpg 768w\" sizes=\"(max-width: 1000px) 100vw, 1000px\" \/>\t\t\t\t\t\t\t\t\t\t\t\t\t\t\t<\/div>\n\t\t\t\t<\/div>\n\t\t\t\t<\/div>\n\t\t\t\t<\/div>","protected":false},"excerpt":{"rendered":"<p>Homeostasis y el Kambo Inicio Homeostasis y el Kambo El Cuerpo y la Homeostasis El cuerpo humano es un mecanismo biol\u00f3gico de gran precisi\u00f3n, capaz de adaptarse y mantener su estabilidad interna frente a los cambios del entorno. Cada c\u00e9lula, \u00f3rgano y sistema trabajan de manera constante para sostener la homeostasis, ese estado natural de [&hellip;]<\/p>","protected":false},"author":1,"featured_media":0,"parent":0,"menu_order":0,"comment_status":"closed","ping_status":"closed","template":"","meta":{"footnotes":""},"class_list":["post-164","page","type-page","status-publish","hentry"],"yoast_head":"<!-- This site is optimized with the Yoast SEO plugin v27.4 - https:\/\/yoast.com\/product\/yoast-seo-wordpress\/ -->\n<title>Homeostasis y el Kambo - Rafa Kambo<\/title>\n<meta name=\"robots\" content=\"index, follow, max-snippet:-1, max-image-preview:large, max-video-preview:-1\" \/>\n<link rel=\"canonical\" href=\"https:\/\/rafakambo.com\/en\/homeostasis-y-el-kambo\/\" \/>\n<meta property=\"og:locale\" content=\"en_US\" \/>\n<meta property=\"og:type\" content=\"article\" \/>\n<meta property=\"og:title\" content=\"Homeostasis y el Kambo - Rafa Kambo\" \/>\n<meta property=\"og:description\" content=\"Homeostasis y el Kambo Inicio Homeostasis y el Kambo El Cuerpo y la Homeostasis El cuerpo humano es un mecanismo biol\u00f3gico de gran precisi\u00f3n, capaz de adaptarse y mantener su estabilidad interna frente a los cambios del entorno. Cada c\u00e9lula, \u00f3rgano y sistema trabajan de manera constante para sostener la homeostasis, ese estado natural de [&hellip;]\" \/>\n<meta property=\"og:url\" content=\"https:\/\/rafakambo.com\/en\/homeostasis-y-el-kambo\/\" \/>\n<meta property=\"og:site_name\" content=\"Rafa Kambo\" \/>\n<meta property=\"article:modified_time\" content=\"2025-12-17T06:20:22+00:00\" \/>\n<meta property=\"og:image\" content=\"http:\/\/rafakambo.com\/wp-content\/uploads\/2025\/08\/1432.jpg\" \/>\n<meta name=\"twitter:card\" content=\"summary_large_image\" \/>\n<meta name=\"twitter:label1\" content=\"Est. reading time\" \/>\n\t<meta name=\"twitter:data1\" content=\"1 minute\" \/>\n<script type=\"application\/ld+json\" class=\"yoast-schema-graph\">{\"@context\":\"https:\\\/\\\/schema.org\",\"@graph\":[{\"@type\":\"WebPage\",\"@id\":\"https:\\\/\\\/rafakambo.com\\\/homeostasis-y-el-kambo\\\/\",\"url\":\"https:\\\/\\\/rafakambo.com\\\/homeostasis-y-el-kambo\\\/\",\"name\":\"Homeostasis y el Kambo - Rafa Kambo\",\"isPartOf\":{\"@id\":\"https:\\\/\\\/rafakambo.com\\\/#website\"},\"primaryImageOfPage\":{\"@id\":\"https:\\\/\\\/rafakambo.com\\\/homeostasis-y-el-kambo\\\/#primaryimage\"},\"image\":{\"@id\":\"https:\\\/\\\/rafakambo.com\\\/homeostasis-y-el-kambo\\\/#primaryimage\"},\"thumbnailUrl\":\"http:\\\/\\\/rafakambo.com\\\/wp-content\\\/uploads\\\/2025\\\/08\\\/1432.jpg\",\"datePublished\":\"2025-08-29T23:33:21+00:00\",\"dateModified\":\"2025-12-17T06:20:22+00:00\",\"breadcrumb\":{\"@id\":\"https:\\\/\\\/rafakambo.com\\\/homeostasis-y-el-kambo\\\/#breadcrumb\"},\"inLanguage\":\"en-US\",\"potentialAction\":[{\"@type\":\"ReadAction\",\"target\":[\"https:\\\/\\\/rafakambo.com\\\/homeostasis-y-el-kambo\\\/\"]}]},{\"@type\":\"ImageObject\",\"inLanguage\":\"en-US\",\"@id\":\"https:\\\/\\\/rafakambo.com\\\/homeostasis-y-el-kambo\\\/#primaryimage\",\"url\":\"http:\\\/\\\/rafakambo.com\\\/wp-content\\\/uploads\\\/2025\\\/08\\\/1432.jpg\",\"contentUrl\":\"http:\\\/\\\/rafakambo.com\\\/wp-content\\\/uploads\\\/2025\\\/08\\\/1432.jpg\"},{\"@type\":\"BreadcrumbList\",\"@id\":\"https:\\\/\\\/rafakambo.com\\\/homeostasis-y-el-kambo\\\/#breadcrumb\",\"itemListElement\":[{\"@type\":\"ListItem\",\"position\":1,\"name\":\"Home\",\"item\":\"https:\\\/\\\/rafakambo.com\\\/\"},{\"@type\":\"ListItem\",\"position\":2,\"name\":\"Homeostasis y el Kambo\"}]},{\"@type\":\"WebSite\",\"@id\":\"https:\\\/\\\/rafakambo.com\\\/#website\",\"url\":\"https:\\\/\\\/rafakambo.com\\\/\",\"name\":\"Rafa Kambo\",\"description\":\"\",\"publisher\":{\"@id\":\"https:\\\/\\\/rafakambo.com\\\/#organization\"},\"potentialAction\":[{\"@type\":\"SearchAction\",\"target\":{\"@type\":\"EntryPoint\",\"urlTemplate\":\"https:\\\/\\\/rafakambo.com\\\/?s={search_term_string}\"},\"query-input\":{\"@type\":\"PropertyValueSpecification\",\"valueRequired\":true,\"valueName\":\"search_term_string\"}}],\"inLanguage\":\"en-US\"},{\"@type\":\"Organization\",\"@id\":\"https:\\\/\\\/rafakambo.com\\\/#organization\",\"name\":\"Rafa Kambo\",\"url\":\"https:\\\/\\\/rafakambo.com\\\/\",\"logo\":{\"@type\":\"ImageObject\",\"inLanguage\":\"en-US\",\"@id\":\"https:\\\/\\\/rafakambo.com\\\/#\\\/schema\\\/logo\\\/image\\\/\",\"url\":\"https:\\\/\\\/rafakambo.com\\\/wp-content\\\/uploads\\\/2025\\\/08\\\/logo-kambo.webp\",\"contentUrl\":\"https:\\\/\\\/rafakambo.com\\\/wp-content\\\/uploads\\\/2025\\\/08\\\/logo-kambo.webp\",\"width\":2048,\"height\":2048,\"caption\":\"Rafa Kambo\"},\"image\":{\"@id\":\"https:\\\/\\\/rafakambo.com\\\/#\\\/schema\\\/logo\\\/image\\\/\"}}]}<\/script>\n<!-- \/ Yoast SEO plugin. -->","yoast_head_json":{"title":"Homeostasis y el Kambo - Rafa Kambo","robots":{"index":"index","follow":"follow","max-snippet":"max-snippet:-1","max-image-preview":"max-image-preview:large","max-video-preview":"max-video-preview:-1"},"canonical":"https:\/\/rafakambo.com\/en\/homeostasis-y-el-kambo\/","og_locale":"en_US","og_type":"article","og_title":"Homeostasis y el Kambo - Rafa Kambo","og_description":"Homeostasis y el Kambo Inicio Homeostasis y el Kambo El Cuerpo y la Homeostasis El cuerpo humano es un mecanismo biol\u00f3gico de gran precisi\u00f3n, capaz de adaptarse y mantener su estabilidad interna frente a los cambios del entorno. Cada c\u00e9lula, \u00f3rgano y sistema trabajan de manera constante para sostener la homeostasis, ese estado natural de [&hellip;]","og_url":"https:\/\/rafakambo.com\/en\/homeostasis-y-el-kambo\/","og_site_name":"Rafa Kambo","article_modified_time":"2025-12-17T06:20:22+00:00","og_image":[{"url":"http:\/\/rafakambo.com\/wp-content\/uploads\/2025\/08\/1432.jpg","type":"","width":"","height":""}],"twitter_card":"summary_large_image","twitter_misc":{"Est. reading time":"1 minute"},"schema":{"@context":"https:\/\/schema.org","@graph":[{"@type":"WebPage","@id":"https:\/\/rafakambo.com\/homeostasis-y-el-kambo\/","url":"https:\/\/rafakambo.com\/homeostasis-y-el-kambo\/","name":"Homeostasis y el Kambo - Rafa Kambo","isPartOf":{"@id":"https:\/\/rafakambo.com\/#website"},"primaryImageOfPage":{"@id":"https:\/\/rafakambo.com\/homeostasis-y-el-kambo\/#primaryimage"},"image":{"@id":"https:\/\/rafakambo.com\/homeostasis-y-el-kambo\/#primaryimage"},"thumbnailUrl":"http:\/\/rafakambo.com\/wp-content\/uploads\/2025\/08\/1432.jpg","datePublished":"2025-08-29T23:33:21+00:00","dateModified":"2025-12-17T06:20:22+00:00","breadcrumb":{"@id":"https:\/\/rafakambo.com\/homeostasis-y-el-kambo\/#breadcrumb"},"inLanguage":"en-US","potentialAction":[{"@type":"ReadAction","target":["https:\/\/rafakambo.com\/homeostasis-y-el-kambo\/"]}]},{"@type":"ImageObject","inLanguage":"en-US","@id":"https:\/\/rafakambo.com\/homeostasis-y-el-kambo\/#primaryimage","url":"http:\/\/rafakambo.com\/wp-content\/uploads\/2025\/08\/1432.jpg","contentUrl":"http:\/\/rafakambo.com\/wp-content\/uploads\/2025\/08\/1432.jpg"},{"@type":"BreadcrumbList","@id":"https:\/\/rafakambo.com\/homeostasis-y-el-kambo\/#breadcrumb","itemListElement":[{"@type":"ListItem","position":1,"name":"Home","item":"https:\/\/rafakambo.com\/"},{"@type":"ListItem","position":2,"name":"Homeostasis y el Kambo"}]},{"@type":"WebSite","@id":"https:\/\/rafakambo.com\/#website","url":"https:\/\/rafakambo.com\/","name":"Rafa Kambo","description":"","publisher":{"@id":"https:\/\/rafakambo.com\/#organization"},"potentialAction":[{"@type":"SearchAction","target":{"@type":"EntryPoint","urlTemplate":"https:\/\/rafakambo.com\/?s={search_term_string}"},"query-input":{"@type":"PropertyValueSpecification","valueRequired":true,"valueName":"search_term_string"}}],"inLanguage":"en-US"},{"@type":"Organization","@id":"https:\/\/rafakambo.com\/#organization","name":"Rafa Kambo","url":"https:\/\/rafakambo.com\/","logo":{"@type":"ImageObject","inLanguage":"en-US","@id":"https:\/\/rafakambo.com\/#\/schema\/logo\/image\/","url":"https:\/\/rafakambo.com\/wp-content\/uploads\/2025\/08\/logo-kambo.webp","contentUrl":"https:\/\/rafakambo.com\/wp-content\/uploads\/2025\/08\/logo-kambo.webp","width":2048,"height":2048,"caption":"Rafa Kambo"},"image":{"@id":"https:\/\/rafakambo.com\/#\/schema\/logo\/image\/"}}]}},"_links":{"self":[{"href":"https:\/\/rafakambo.com\/en\/wp-json\/wp\/v2\/pages\/164","targetHints":{"allow":["GET"]}}],"collection":[{"href":"https:\/\/rafakambo.com\/en\/wp-json\/wp\/v2\/pages"}],"about":[{"href":"https:\/\/rafakambo.com\/en\/wp-json\/wp\/v2\/types\/page"}],"author":[{"embeddable":true,"href":"https:\/\/rafakambo.com\/en\/wp-json\/wp\/v2\/users\/1"}],"replies":[{"embeddable":true,"href":"https:\/\/rafakambo.com\/en\/wp-json\/wp\/v2\/comments?post=164"}],"version-history":[{"count":25,"href":"https:\/\/rafakambo.com\/en\/wp-json\/wp\/v2\/pages\/164\/revisions"}],"predecessor-version":[{"id":501,"href":"https:\/\/rafakambo.com\/en\/wp-json\/wp\/v2\/pages\/164\/revisions\/501"}],"wp:attachment":[{"href":"https:\/\/rafakambo.com\/en\/wp-json\/wp\/v2\/media?parent=164"}],"curies":[{"name":"wp","href":"https:\/\/api.w.org\/{rel}","templated":true}]}}