{"id":140,"date":"2025-08-29T23:06:38","date_gmt":"2025-08-29T23:06:38","guid":{"rendered":"https:\/\/rafakambo.com\/?page_id=140"},"modified":"2026-01-12T18:29:36","modified_gmt":"2026-01-12T18:29:36","slug":"historia-y-origen-cultural-del-kambo","status":"publish","type":"page","link":"https:\/\/rafakambo.com\/en\/historia-y-origen-cultural-del-kambo\/","title":{"rendered":"Cultural History and Origins of Kambo"},"content":{"rendered":"<div data-elementor-type=\"wp-page\" data-elementor-id=\"140\" class=\"elementor elementor-140\" data-elementor-post-type=\"page\">\n\t\t\t\t<div class=\"elementor-element elementor-element-521bb113 e-con-full e-flex e-con e-parent\" data-id=\"521bb113\" data-element_type=\"container\" data-e-type=\"container\" data-settings=\"{&quot;background_background&quot;:&quot;classic&quot;}\">\n\t\t<div class=\"elementor-element elementor-element-7f21d3b8 e-con-full e-flex e-con e-child\" data-id=\"7f21d3b8\" data-element_type=\"container\" data-e-type=\"container\">\n\t\t\t\t<div class=\"elementor-element elementor-element-500d0b82 elementor-invisible elementor-widget elementor-widget-heading\" data-id=\"500d0b82\" data-element_type=\"widget\" data-e-type=\"widget\" data-settings=\"{&quot;_animation&quot;:&quot;bounceInUp&quot;}\" data-widget_type=\"heading.default\">\n\t\t\t\t\t<h2 class=\"elementor-heading-title elementor-size-default\">Cultural History and Origins of Kambo\n<\/h2>\t\t\t\t<\/div>\n\t\t\t\t<\/div>\n\t\t\t\t<div class=\"elementor-element elementor-element-6324d85 elementor-widget elementor-widget-html\" data-id=\"6324d85\" data-element_type=\"widget\" data-e-type=\"widget\" data-widget_type=\"html.default\">\n\t\t\t\t\t<!-- Breadcrumb elegante centrado -->\r\n<link href=\"https:\/\/fonts.googleapis.com\/css2?family=Poppins:wght@400;500;600&display=swap\" rel=\"stylesheet\">\r\n\r\n<nav class=\"crumbs\" aria-label=\"breadcrumb\">\r\n  <ol>\r\n    <li><a href=\"\/en\/\">Home<\/a><\/li>\r\n\r\n    <li>\r\n      <svg aria-hidden=\"true\" viewbox=\"0 0 24 24\" width=\"16\" height=\"16\"><path d=\"M9 6l6 6-6 6\" fill=\"none\" stroke=\"currentColor\" stroke-width=\"2\" stroke-linecap=\"round\" stroke-linejoin=\"round\"\/><\/svg>\r\n      <span aria-current=\"page\" style=\"color:#fff;\">History and Origins<\/span>\r\n    <\/li>\r\n  <\/ol>\r\n<\/nav>\r\n\r\n<style>\r\n  :root { --brand:#4CAF50; --text:#2b2b2b; --muted:#6b7280; }\r\n\r\n  .crumbs {\r\n    font-family: \"Poppins\", system-ui, -apple-system, Segoe UI, Roboto, Arial, sans-serif;\r\n    display: block;\r\n    width: 100%;\r\n    text-align: center;        \/* centrado *\/\r\n    margin: 12px 0 24px;\r\n  }\r\n\r\n  .crumbs ol {\r\n    display: inline-flex;      \/* centra el conjunto *\/\r\n    align-items: center;\r\n    gap: 10px;\r\n    padding: 10px 16px;\r\n    margin: 0;\r\n    list-style: none;\r\n    background: rgba(76,175,80,.06); \/* sutil pill *\/\r\n    border: 1px solid rgba(76,175,80,.18);\r\n    border-radius: 999px;\r\n    box-shadow: 0 6px 20px rgba(76,175,80,.08);\r\n  }\r\n\r\n  .crumbs li {\r\n    display: inline-flex;\r\n    align-items: center;\r\n    gap: 10px;\r\n    font-size: 14px;\r\n    color: var(--muted);\r\n    white-space: nowrap;\r\n  }\r\n\r\n  .crumbs a {\r\n    color: var(--brand);\r\n    text-decoration: none;\r\n    font-weight: 500;\r\n    transition: opacity .2s ease, transform .2s ease;\r\n  }\r\n  .crumbs a:hover { opacity: .85; transform: translateY(-1px); }\r\n\r\n  .crumbs svg {\r\n    color: rgba(76,175,80,.8);\r\n    flex: 0 0 auto;\r\n  }\r\n\r\n  .crumbs [aria-current=\"page\"] {\r\n    color: var(--text);\r\n    font-weight: 600;\r\n  }\r\n\r\n  \/* Responsivo *\/\r\n  @media (max-width: 480px) {\r\n    .crumbs ol { gap: 6px; padding: 8px 12px; }\r\n    .crumbs li { font-size: 13px; gap: 6px; }\r\n    .crumbs svg { width: 14px; height: 14px; }\r\n  }\r\n<\/style>\r\n\t\t\t\t<\/div>\n\t\t\t\t<\/div>\n\t\t<div class=\"elementor-element elementor-element-fc0a36f e-con-full e-flex e-con e-parent\" data-id=\"fc0a36f\" data-element_type=\"container\" data-e-type=\"container\">\n\t\t<div class=\"elementor-element elementor-element-c32e650 e-con-full e-flex e-con e-child\" data-id=\"c32e650\" data-element_type=\"container\" data-e-type=\"container\">\n\t\t\t\t<div class=\"elementor-element elementor-element-c3599ff elementor-invisible elementor-widget elementor-widget-heading\" data-id=\"c3599ff\" data-element_type=\"widget\" data-e-type=\"widget\" data-settings=\"{&quot;_animation&quot;:&quot;bounceInUp&quot;}\" data-widget_type=\"heading.default\">\n\t\t\t\t\t<h2 class=\"elementor-heading-title elementor-size-default\">Origins of Kambo<\/h2>\t\t\t\t<\/div>\n\t\t\t\t<div class=\"elementor-element elementor-element-e77acdc elementor-invisible elementor-widget elementor-widget-text-editor\" data-id=\"e77acdc\" data-element_type=\"widget\" data-e-type=\"widget\" data-settings=\"{&quot;_animation&quot;:&quot;bounceInUp&quot;}\" data-widget_type=\"text-editor.default\">\n\t\t\t\t\t\t\t\t\tEl Kambo tiene sus ra\u00edces en lo m\u00e1s profundo de la Amazon\u00eda, donde por siglos ha sido considerado una medicina sagrada por diversos pueblos ind\u00edgenas de la familia ling\u00fc\u00edstica pano, como los Mats\u00e9s, Katukina, Yawanaw\u00e1 y Noke Kuin.\n\nEn estas culturas, su aplicaci\u00f3n formaba parte de rituales de purificaci\u00f3n y fortaleza f\u00edsica y espiritual, siendo conocida como la <em>\u201cmedicine of the jungle\u201d<\/em> or the <em>\u201cvaccine of the jungle\u201d<\/em>.\n<br><br>\nTraditionally, Kambo was used to:\n<ul><br>\n \t<li><strong>Strengthen the body<\/strong> and increase stamina for hunting.<\/li><br>\n \t<li><strong>Sharpen the senses<\/strong>, particularly sight and hearing \u2014 vital for survival in the rainforest.<\/li><br>\n \t<li class=\"translation-block\"><strong>Purify the body and spirit<\/strong>, releasing the individual from dense energies or <em>panema<\/em>, a concept associated with bad luck, fatigue and spiritual disconnection.<\/li>\n<\/ul><br>\nAccording to oral tradition, the knowledge of Kambo was bestowed upon shamans\nby the forest itself through dreams and visions, becoming an ancestral medicine\ndeeply intertwined with the Amazonian spiritual world.\t\t\t\t\t\t\t\t<\/div>\n\t\t\t\t<\/div>\n\t\t<div class=\"elementor-element elementor-element-2672e43 e-con-full scrollable-column e-flex elementor-invisible e-con e-child\" data-id=\"2672e43\" data-element_type=\"container\" data-e-type=\"container\" data-settings=\"{&quot;background_background&quot;:&quot;classic&quot;,&quot;animation&quot;:&quot;bounce&quot;}\">\n\t\t\t\t<div class=\"elementor-element elementor-element-87b6d1e elementor-widget elementor-widget-image\" data-id=\"87b6d1e\" data-element_type=\"widget\" data-e-type=\"widget\" data-widget_type=\"image.default\">\n\t\t\t\t\t\t\t\t\t\t\t\t\t\t\t<img fetchpriority=\"high\" decoding=\"async\" width=\"1000\" height=\"667\" src=\"https:\/\/rafakambo.com\/wp-content\/uploads\/2025\/08\/296.jpg\" class=\"attachment-full size-full wp-image-147\" alt=\"\" srcset=\"https:\/\/rafakambo.com\/wp-content\/uploads\/2025\/08\/296.jpg 1000w, https:\/\/rafakambo.com\/wp-content\/uploads\/2025\/08\/296-300x200.jpg 300w, https:\/\/rafakambo.com\/wp-content\/uploads\/2025\/08\/296-768x512.jpg 768w\" sizes=\"(max-width: 1000px) 100vw, 1000px\" \/>\t\t\t\t\t\t\t\t\t\t\t\t\t\t\t<\/div>\n\t\t\t\t<\/div>\n\t\t\t\t<\/div>\n\t\t<div class=\"elementor-element elementor-element-318adf1 e-con-full e-flex e-con e-parent\" data-id=\"318adf1\" data-element_type=\"container\" data-e-type=\"container\">\n\t\t<div class=\"elementor-element elementor-element-e085d1c e-con-full e-flex e-con e-child\" data-id=\"e085d1c\" data-element_type=\"container\" data-e-type=\"container\">\n\t\t\t\t<div class=\"elementor-element elementor-element-2af8aff elementor-invisible elementor-widget elementor-widget-heading\" data-id=\"2af8aff\" data-element_type=\"widget\" data-e-type=\"widget\" data-settings=\"{&quot;_animation&quot;:&quot;bounceInUp&quot;}\" data-widget_type=\"heading.default\">\n\t\t\t\t\t<h2 class=\"elementor-heading-title elementor-size-default\">Kambo Today<\/h2>\t\t\t\t<\/div>\n\t\t\t\t<div class=\"elementor-element elementor-element-fa0f1e6 elementor-invisible elementor-widget elementor-widget-text-editor\" data-id=\"fa0f1e6\" data-element_type=\"widget\" data-e-type=\"widget\" data-settings=\"{&quot;_animation&quot;:&quot;bounceInUp&quot;}\" data-widget_type=\"text-editor.default\">\n\t\t\t\t\t\t\t\t\t<p data-start=\"1319\" data-end=\"1589\">Today, Kambo continues to be practiced within the Indigenous communities that safeguard its tradition. Through regulated and respectful practice, it has transcended the borders of the Amazon, reaching people around the world who turn to it as a tool for physical, emotional, and energetic healing.<\/p><p data-start=\"1591\" data-end=\"1767\">Keeping this tradition alive <strong data-start=\"1628\" data-end=\"1648\">means honoring its origins<\/strong> and practicing it with integrity, ethics, and deep respect for the peoples who have preserved it for generations.<\/p>\t\t\t\t\t\t\t\t<\/div>\n\t\t\t\t<\/div>\n\t\t<div class=\"elementor-element elementor-element-e8f9027 e-con-full scrollable-column e-flex elementor-invisible e-con e-child\" data-id=\"e8f9027\" data-element_type=\"container\" data-e-type=\"container\" data-settings=\"{&quot;background_background&quot;:&quot;classic&quot;,&quot;animation&quot;:&quot;bounce&quot;}\">\n\t\t\t\t<div class=\"elementor-element elementor-element-c5debfa elementor-widget elementor-widget-image\" data-id=\"c5debfa\" data-element_type=\"widget\" data-e-type=\"widget\" data-widget_type=\"image.default\">\n\t\t\t\t\t\t\t\t\t\t\t\t\t\t\t<img decoding=\"async\" width=\"1000\" height=\"667\" src=\"https:\/\/rafakambo.com\/wp-content\/uploads\/2025\/08\/3298.jpg\" class=\"attachment-full size-full wp-image-146\" alt=\"\" srcset=\"https:\/\/rafakambo.com\/wp-content\/uploads\/2025\/08\/3298.jpg 1000w, https:\/\/rafakambo.com\/wp-content\/uploads\/2025\/08\/3298-300x200.jpg 300w, https:\/\/rafakambo.com\/wp-content\/uploads\/2025\/08\/3298-768x512.jpg 768w\" sizes=\"(max-width: 1000px) 100vw, 1000px\" \/>\t\t\t\t\t\t\t\t\t\t\t\t\t\t\t<\/div>\n\t\t\t\t<\/div>\n\t\t\t\t<\/div>\n\t\t\t\t<\/div>","protected":false},"excerpt":{"rendered":"<p>Historia y Origen Cultural del Kambo Inicio Historia y Origen Or\u00edgenes del Kambo El Kambo tiene sus ra\u00edces en lo m\u00e1s profundo de la Amazon\u00eda, donde por siglos ha sido considerado una medicina sagrada por diversos pueblos ind\u00edgenas de la familia ling\u00fc\u00edstica pano, como los Mats\u00e9s, Katukina, Yawanaw\u00e1 y Noke Kuin. En estas culturas, su [&hellip;]<\/p>","protected":false},"author":1,"featured_media":0,"parent":0,"menu_order":0,"comment_status":"closed","ping_status":"closed","template":"","meta":{"footnotes":""},"class_list":["post-140","page","type-page","status-publish","hentry"],"yoast_head":"<!-- This site is optimized with the Yoast SEO plugin v27.4 - https:\/\/yoast.com\/product\/yoast-seo-wordpress\/ -->\n<title>Historia y Origen Cultural del Kambo - Rafa Kambo<\/title>\n<meta name=\"robots\" content=\"index, follow, max-snippet:-1, max-image-preview:large, max-video-preview:-1\" \/>\n<link rel=\"canonical\" href=\"https:\/\/rafakambo.com\/en\/historia-y-origen-cultural-del-kambo\/\" \/>\n<meta property=\"og:locale\" content=\"en_US\" \/>\n<meta property=\"og:type\" content=\"article\" \/>\n<meta property=\"og:title\" content=\"Historia y Origen Cultural del Kambo - Rafa Kambo\" \/>\n<meta property=\"og:description\" content=\"Historia y Origen Cultural del Kambo Inicio Historia y Origen Or\u00edgenes del Kambo El Kambo tiene sus ra\u00edces en lo m\u00e1s profundo de la Amazon\u00eda, donde por siglos ha sido considerado una medicina sagrada por diversos pueblos ind\u00edgenas de la familia ling\u00fc\u00edstica pano, como los Mats\u00e9s, Katukina, Yawanaw\u00e1 y Noke Kuin. En estas culturas, su [&hellip;]\" \/>\n<meta property=\"og:url\" content=\"https:\/\/rafakambo.com\/en\/historia-y-origen-cultural-del-kambo\/\" \/>\n<meta property=\"og:site_name\" content=\"Rafa Kambo\" \/>\n<meta property=\"article:modified_time\" content=\"2026-01-12T18:29:36+00:00\" \/>\n<meta property=\"og:image\" content=\"http:\/\/rafakambo.com\/wp-content\/uploads\/2025\/08\/296.jpg\" \/>\n<meta name=\"twitter:card\" content=\"summary_large_image\" \/>\n<meta name=\"twitter:label1\" content=\"Est. reading time\" \/>\n\t<meta name=\"twitter:data1\" content=\"1 minute\" \/>\n<script type=\"application\/ld+json\" class=\"yoast-schema-graph\">{\"@context\":\"https:\\\/\\\/schema.org\",\"@graph\":[{\"@type\":\"WebPage\",\"@id\":\"https:\\\/\\\/rafakambo.com\\\/historia-y-origen-cultural-del-kambo\\\/\",\"url\":\"https:\\\/\\\/rafakambo.com\\\/historia-y-origen-cultural-del-kambo\\\/\",\"name\":\"Historia y Origen Cultural del Kambo - Rafa Kambo\",\"isPartOf\":{\"@id\":\"https:\\\/\\\/rafakambo.com\\\/#website\"},\"primaryImageOfPage\":{\"@id\":\"https:\\\/\\\/rafakambo.com\\\/historia-y-origen-cultural-del-kambo\\\/#primaryimage\"},\"image\":{\"@id\":\"https:\\\/\\\/rafakambo.com\\\/historia-y-origen-cultural-del-kambo\\\/#primaryimage\"},\"thumbnailUrl\":\"http:\\\/\\\/rafakambo.com\\\/wp-content\\\/uploads\\\/2025\\\/08\\\/296.jpg\",\"datePublished\":\"2025-08-29T23:06:38+00:00\",\"dateModified\":\"2026-01-12T18:29:36+00:00\",\"breadcrumb\":{\"@id\":\"https:\\\/\\\/rafakambo.com\\\/historia-y-origen-cultural-del-kambo\\\/#breadcrumb\"},\"inLanguage\":\"en-US\",\"potentialAction\":[{\"@type\":\"ReadAction\",\"target\":[\"https:\\\/\\\/rafakambo.com\\\/historia-y-origen-cultural-del-kambo\\\/\"]}]},{\"@type\":\"ImageObject\",\"inLanguage\":\"en-US\",\"@id\":\"https:\\\/\\\/rafakambo.com\\\/historia-y-origen-cultural-del-kambo\\\/#primaryimage\",\"url\":\"http:\\\/\\\/rafakambo.com\\\/wp-content\\\/uploads\\\/2025\\\/08\\\/296.jpg\",\"contentUrl\":\"http:\\\/\\\/rafakambo.com\\\/wp-content\\\/uploads\\\/2025\\\/08\\\/296.jpg\"},{\"@type\":\"BreadcrumbList\",\"@id\":\"https:\\\/\\\/rafakambo.com\\\/historia-y-origen-cultural-del-kambo\\\/#breadcrumb\",\"itemListElement\":[{\"@type\":\"ListItem\",\"position\":1,\"name\":\"Home\",\"item\":\"https:\\\/\\\/rafakambo.com\\\/\"},{\"@type\":\"ListItem\",\"position\":2,\"name\":\"Historia y Origen Cultural del Kambo\"}]},{\"@type\":\"WebSite\",\"@id\":\"https:\\\/\\\/rafakambo.com\\\/#website\",\"url\":\"https:\\\/\\\/rafakambo.com\\\/\",\"name\":\"Rafa Kambo\",\"description\":\"\",\"publisher\":{\"@id\":\"https:\\\/\\\/rafakambo.com\\\/#organization\"},\"potentialAction\":[{\"@type\":\"SearchAction\",\"target\":{\"@type\":\"EntryPoint\",\"urlTemplate\":\"https:\\\/\\\/rafakambo.com\\\/?s={search_term_string}\"},\"query-input\":{\"@type\":\"PropertyValueSpecification\",\"valueRequired\":true,\"valueName\":\"search_term_string\"}}],\"inLanguage\":\"en-US\"},{\"@type\":\"Organization\",\"@id\":\"https:\\\/\\\/rafakambo.com\\\/#organization\",\"name\":\"Rafa Kambo\",\"url\":\"https:\\\/\\\/rafakambo.com\\\/\",\"logo\":{\"@type\":\"ImageObject\",\"inLanguage\":\"en-US\",\"@id\":\"https:\\\/\\\/rafakambo.com\\\/#\\\/schema\\\/logo\\\/image\\\/\",\"url\":\"https:\\\/\\\/rafakambo.com\\\/wp-content\\\/uploads\\\/2025\\\/08\\\/logo-kambo.webp\",\"contentUrl\":\"https:\\\/\\\/rafakambo.com\\\/wp-content\\\/uploads\\\/2025\\\/08\\\/logo-kambo.webp\",\"width\":2048,\"height\":2048,\"caption\":\"Rafa Kambo\"},\"image\":{\"@id\":\"https:\\\/\\\/rafakambo.com\\\/#\\\/schema\\\/logo\\\/image\\\/\"}}]}<\/script>\n<!-- \/ Yoast SEO plugin. -->","yoast_head_json":{"title":"Historia y Origen Cultural del Kambo - Rafa Kambo","robots":{"index":"index","follow":"follow","max-snippet":"max-snippet:-1","max-image-preview":"max-image-preview:large","max-video-preview":"max-video-preview:-1"},"canonical":"https:\/\/rafakambo.com\/en\/historia-y-origen-cultural-del-kambo\/","og_locale":"en_US","og_type":"article","og_title":"Historia y Origen Cultural del Kambo - Rafa Kambo","og_description":"Historia y Origen Cultural del Kambo Inicio Historia y Origen Or\u00edgenes del Kambo El Kambo tiene sus ra\u00edces en lo m\u00e1s profundo de la Amazon\u00eda, donde por siglos ha sido considerado una medicina sagrada por diversos pueblos ind\u00edgenas de la familia ling\u00fc\u00edstica pano, como los Mats\u00e9s, Katukina, Yawanaw\u00e1 y Noke Kuin. En estas culturas, su [&hellip;]","og_url":"https:\/\/rafakambo.com\/en\/historia-y-origen-cultural-del-kambo\/","og_site_name":"Rafa Kambo","article_modified_time":"2026-01-12T18:29:36+00:00","og_image":[{"url":"http:\/\/rafakambo.com\/wp-content\/uploads\/2025\/08\/296.jpg","type":"","width":"","height":""}],"twitter_card":"summary_large_image","twitter_misc":{"Est. reading time":"1 minute"},"schema":{"@context":"https:\/\/schema.org","@graph":[{"@type":"WebPage","@id":"https:\/\/rafakambo.com\/historia-y-origen-cultural-del-kambo\/","url":"https:\/\/rafakambo.com\/historia-y-origen-cultural-del-kambo\/","name":"Historia y Origen Cultural del Kambo - Rafa Kambo","isPartOf":{"@id":"https:\/\/rafakambo.com\/#website"},"primaryImageOfPage":{"@id":"https:\/\/rafakambo.com\/historia-y-origen-cultural-del-kambo\/#primaryimage"},"image":{"@id":"https:\/\/rafakambo.com\/historia-y-origen-cultural-del-kambo\/#primaryimage"},"thumbnailUrl":"http:\/\/rafakambo.com\/wp-content\/uploads\/2025\/08\/296.jpg","datePublished":"2025-08-29T23:06:38+00:00","dateModified":"2026-01-12T18:29:36+00:00","breadcrumb":{"@id":"https:\/\/rafakambo.com\/historia-y-origen-cultural-del-kambo\/#breadcrumb"},"inLanguage":"en-US","potentialAction":[{"@type":"ReadAction","target":["https:\/\/rafakambo.com\/historia-y-origen-cultural-del-kambo\/"]}]},{"@type":"ImageObject","inLanguage":"en-US","@id":"https:\/\/rafakambo.com\/historia-y-origen-cultural-del-kambo\/#primaryimage","url":"http:\/\/rafakambo.com\/wp-content\/uploads\/2025\/08\/296.jpg","contentUrl":"http:\/\/rafakambo.com\/wp-content\/uploads\/2025\/08\/296.jpg"},{"@type":"BreadcrumbList","@id":"https:\/\/rafakambo.com\/historia-y-origen-cultural-del-kambo\/#breadcrumb","itemListElement":[{"@type":"ListItem","position":1,"name":"Home","item":"https:\/\/rafakambo.com\/"},{"@type":"ListItem","position":2,"name":"Historia y Origen Cultural del Kambo"}]},{"@type":"WebSite","@id":"https:\/\/rafakambo.com\/#website","url":"https:\/\/rafakambo.com\/","name":"Rafa Kambo","description":"","publisher":{"@id":"https:\/\/rafakambo.com\/#organization"},"potentialAction":[{"@type":"SearchAction","target":{"@type":"EntryPoint","urlTemplate":"https:\/\/rafakambo.com\/?s={search_term_string}"},"query-input":{"@type":"PropertyValueSpecification","valueRequired":true,"valueName":"search_term_string"}}],"inLanguage":"en-US"},{"@type":"Organization","@id":"https:\/\/rafakambo.com\/#organization","name":"Rafa Kambo","url":"https:\/\/rafakambo.com\/","logo":{"@type":"ImageObject","inLanguage":"en-US","@id":"https:\/\/rafakambo.com\/#\/schema\/logo\/image\/","url":"https:\/\/rafakambo.com\/wp-content\/uploads\/2025\/08\/logo-kambo.webp","contentUrl":"https:\/\/rafakambo.com\/wp-content\/uploads\/2025\/08\/logo-kambo.webp","width":2048,"height":2048,"caption":"Rafa Kambo"},"image":{"@id":"https:\/\/rafakambo.com\/#\/schema\/logo\/image\/"}}]}},"_links":{"self":[{"href":"https:\/\/rafakambo.com\/en\/wp-json\/wp\/v2\/pages\/140","targetHints":{"allow":["GET"]}}],"collection":[{"href":"https:\/\/rafakambo.com\/en\/wp-json\/wp\/v2\/pages"}],"about":[{"href":"https:\/\/rafakambo.com\/en\/wp-json\/wp\/v2\/types\/page"}],"author":[{"embeddable":true,"href":"https:\/\/rafakambo.com\/en\/wp-json\/wp\/v2\/users\/1"}],"replies":[{"embeddable":true,"href":"https:\/\/rafakambo.com\/en\/wp-json\/wp\/v2\/comments?post=140"}],"version-history":[{"count":31,"href":"https:\/\/rafakambo.com\/en\/wp-json\/wp\/v2\/pages\/140\/revisions"}],"predecessor-version":[{"id":526,"href":"https:\/\/rafakambo.com\/en\/wp-json\/wp\/v2\/pages\/140\/revisions\/526"}],"wp:attachment":[{"href":"https:\/\/rafakambo.com\/en\/wp-json\/wp\/v2\/media?parent=140"}],"curies":[{"name":"wp","href":"https:\/\/api.w.org\/{rel}","templated":true}]}}