{"id":120,"date":"2025-08-29T22:42:19","date_gmt":"2025-08-29T22:42:19","guid":{"rendered":"https:\/\/rafakambo.com\/?page_id=120"},"modified":"2026-02-13T21:47:43","modified_gmt":"2026-02-13T21:47:43","slug":"rafa-mcguire","status":"publish","type":"page","link":"https:\/\/rafakambo.com\/en\/rafa-mcguire\/","title":{"rendered":"Rafa McGuire"},"content":{"rendered":"<div data-elementor-type=\"wp-page\" data-elementor-id=\"120\" class=\"elementor elementor-120\" data-elementor-post-type=\"page\">\n\t\t\t\t<div class=\"elementor-element elementor-element-681f4c17 e-flex e-con-boxed e-con e-parent\" data-id=\"681f4c17\" data-element_type=\"container\" data-e-type=\"container\" data-settings=\"{&quot;background_background&quot;:&quot;classic&quot;}\">\n\t\t\t\t\t<div class=\"e-con-inner\">\n\t\t<div class=\"elementor-element elementor-element-7b85c54e e-con-full e-flex e-con e-child\" data-id=\"7b85c54e\" data-element_type=\"container\" data-e-type=\"container\">\n\t\t\t\t<div class=\"elementor-element elementor-element-3b3851e0 elementor-invisible elementor-widget elementor-widget-heading\" data-id=\"3b3851e0\" data-element_type=\"widget\" data-e-type=\"widget\" data-settings=\"{&quot;_animation&quot;:&quot;bounceInUp&quot;}\" data-widget_type=\"heading.default\">\n\t\t\t\t\t<h2 class=\"elementor-heading-title elementor-size-default\">Rafa McGuire <br>Certified Kambo Practitioner<\/span>\n<\/h2>\t\t\t\t<\/div>\n\t\t\t\t<\/div>\n\t\t\t\t\t<\/div>\n\t\t\t\t<\/div>\n\t\t<div class=\"elementor-element elementor-element-5000e63 e-con-full e-flex e-con e-parent\" data-id=\"5000e63\" data-element_type=\"container\" data-e-type=\"container\">\n\t\t<div class=\"elementor-element elementor-element-95cc8c7 e-con-full e-flex e-con e-child\" data-id=\"95cc8c7\" data-element_type=\"container\" data-e-type=\"container\">\n\t\t\t\t<div class=\"elementor-element elementor-element-067e978 elementor-invisible elementor-widget elementor-widget-heading\" data-id=\"067e978\" data-element_type=\"widget\" data-e-type=\"widget\" data-settings=\"{&quot;_animation&quot;:&quot;bounceInUp&quot;}\" data-widget_type=\"heading.default\">\n\t\t\t\t\t<h2 class=\"elementor-heading-title elementor-size-default\">My Journey with Anxiety and Kambo<\/h2>\t\t\t\t<\/div>\n\t\t\t\t<div class=\"elementor-element elementor-element-0c79dd3 elementor-invisible elementor-widget elementor-widget-text-editor\" data-id=\"0c79dd3\" data-element_type=\"widget\" data-e-type=\"widget\" data-settings=\"{&quot;_animation&quot;:&quot;bounceInUp&quot;}\" data-widget_type=\"text-editor.default\">\n\t\t\t\t\t\t\t\t\t<p data-path-to-node=\"1\">For a long time, I lived with anxiety \u2014 a silent kind that almost no one could see,\nbut that followed me every single day: obsessive thoughts, constant pressure in\nmy chest, insomnia, fear, and disconnection.<\/p><p data-path-to-node=\"2\">I searched for answers in many places. I tried countless therapies, tools, and\n\u201cmedicines.\u201d Some helped ease the symptoms for a while, but none healed the\nroot of the problem.<\/p><p data-path-to-node=\"3\">After trying everything, I finally decided to surrender. I accepted my defeat to\nanxiety \u2014 and it was precisely there, in that surrender, that the true medicine\nbegan to call me. That calling led me to the path of holistic healing and, eventually,\nto my encounter with Kambo.<\/p><p data-path-to-node=\"4\">The first time I received this medicine, something inside me broke\u2026 and at the\nsame time, something new was born. It was an intense experience \u2014 yes \u2014 but\nalso profoundly liberating. I cried, sweated, and purged\u2026 releasing years of\nemotional burdens, blocked energies, and fears that no longer belonged to me.<\/p><p data-path-to-node=\"5\">For the first time in a long time, I felt true calm \u2014 a deep clarity rising from the\nvery core of my being. I reconnected with my essence, with that part of myself that had been suppressed for years and that was finally returning to integrate into my whole being.<\/p>\t\t\t\t\t\t\t\t<\/div>\n\t\t\t\t<div class=\"elementor-element elementor-element-63f3d53 elementor-invisible elementor-widget elementor-widget-heading\" data-id=\"63f3d53\" data-element_type=\"widget\" data-e-type=\"widget\" data-settings=\"{&quot;_animation&quot;:&quot;bounceInUp&quot;}\" data-widget_type=\"heading.default\">\n\t\t\t\t\t<h2 class=\"elementor-heading-title elementor-size-default\">My Social Media:<\/h2>\t\t\t\t<\/div>\n\t\t\t\t<div class=\"elementor-element elementor-element-3f07fde elementor-shape-circle e-grid-align-left e-grid-align-mobile-center elementor-grid-0 elementor-widget elementor-widget-social-icons\" data-id=\"3f07fde\" data-element_type=\"widget\" data-e-type=\"widget\" data-widget_type=\"social-icons.default\">\n\t\t\t\t\t\t\t<div class=\"elementor-social-icons-wrapper elementor-grid\" role=\"list\">\n\t\t\t\t\t\t\t<span class=\"elementor-grid-item\" role=\"listitem\">\n\t\t\t\t\t<a class=\"elementor-icon elementor-social-icon elementor-social-icon-instagram elementor-animation-pulse elementor-repeater-item-b895bb1\" href=\"https:\/\/www.instagram.com\/rafakambo\/#\" target=\"_blank\">\n\t\t\t\t\t\t<span class=\"elementor-screen-only\">Instagram<\/span>\n\t\t\t\t\t\t<svg aria-hidden=\"true\" class=\"e-font-icon-svg e-fab-instagram\" viewbox=\"0 0 448 512\" xmlns=\"http:\/\/www.w3.org\/2000\/svg\"><path d=\"M224.1 141c-63.6 0-114.9 51.3-114.9 114.9s51.3 114.9 114.9 114.9S339 319.5 339 255.9 287.7 141 224.1 141zm0 189.6c-41.1 0-74.7-33.5-74.7-74.7s33.5-74.7 74.7-74.7 74.7 33.5 74.7 74.7-33.6 74.7-74.7 74.7zm146.4-194.3c0 14.9-12 26.8-26.8 26.8-14.9 0-26.8-12-26.8-26.8s12-26.8 26.8-26.8 26.8 12 26.8 26.8zm76.1 27.2c-1.7-35.9-9.9-67.7-36.2-93.9-26.2-26.2-58-34.4-93.9-36.2-37-2.1-147.9-2.1-184.9 0-35.8 1.7-67.6 9.9-93.9 36.1s-34.4 58-36.2 93.9c-2.1 37-2.1 147.9 0 184.9 1.7 35.9 9.9 67.7 36.2 93.9s58 34.4 93.9 36.2c37 2.1 147.9 2.1 184.9 0 35.9-1.7 67.7-9.9 93.9-36.2 26.2-26.2 34.4-58 36.2-93.9 2.1-37 2.1-147.8 0-184.8zM398.8 388c-7.8 19.6-22.9 34.7-42.6 42.6-29.5 11.7-99.5 9-132.1 9s-102.7 2.6-132.1-9c-19.6-7.8-34.7-22.9-42.6-42.6-11.7-29.5-9-99.5-9-132.1s-2.6-102.7 9-132.1c7.8-19.6 22.9-34.7 42.6-42.6 29.5-11.7 99.5-9 132.1-9s102.7-2.6 132.1 9c19.6 7.8 34.7 22.9 42.6 42.6 11.7 29.5 9 99.5 9 132.1s2.7 102.7-9 132.1z\"><\/path><\/svg>\t\t\t\t\t<\/a>\n\t\t\t\t<\/span>\n\t\t\t\t\t\t\t<span class=\"elementor-grid-item\" role=\"listitem\">\n\t\t\t\t\t<a class=\"elementor-icon elementor-social-icon elementor-social-icon-x-twitter elementor-animation-pulse elementor-repeater-item-6bdc13d\" href=\"https:\/\/x.com\/rafakambo?s=21\" target=\"_blank\">\n\t\t\t\t\t\t<span class=\"elementor-screen-only\">X-twitter<\/span>\n\t\t\t\t\t\t<svg aria-hidden=\"true\" class=\"e-font-icon-svg e-fab-x-twitter\" viewbox=\"0 0 512 512\" xmlns=\"http:\/\/www.w3.org\/2000\/svg\"><path d=\"M389.2 48h70.6L305.6 224.2 487 464H345L233.7 318.6 106.5 464H35.8L200.7 275.5 26.8 48H172.4L272.9 180.9 389.2 48zM364.4 421.8h39.1L151.1 88h-42L364.4 421.8z\"><\/path><\/svg>\t\t\t\t\t<\/a>\n\t\t\t\t<\/span>\n\t\t\t\t\t\t\t<span class=\"elementor-grid-item\" role=\"listitem\">\n\t\t\t\t\t<a class=\"elementor-icon elementor-social-icon elementor-social-icon-facebook elementor-animation-pulse elementor-repeater-item-7040ad4\" href=\"https:\/\/www.facebook.com\/people\/RAFA-Certified-Kambo-Practitioner\/61577570256884\/?mibextid=wwXIfr&#038;rdid=eAXvMJt9oJitIHhI&#038;share_url=https%3A%2F%2Fwww.facebook.com%2Fshare%2F1CeMFF4tnq%2F%3Fmibextid%3DwwXIfr\" target=\"_blank\">\n\t\t\t\t\t\t<span class=\"elementor-screen-only\">Facebook<\/span>\n\t\t\t\t\t\t<svg aria-hidden=\"true\" class=\"e-font-icon-svg e-fab-facebook\" viewbox=\"0 0 512 512\" xmlns=\"http:\/\/www.w3.org\/2000\/svg\"><path d=\"M504 256C504 119 393 8 256 8S8 119 8 256c0 123.78 90.69 226.38 209.25 245V327.69h-63V256h63v-54.64c0-62.15 37-96.48 93.67-96.48 27.14 0 55.52 4.84 55.52 4.84v61h-31.28c-30.8 0-40.41 19.12-40.41 38.73V256h68.78l-11 71.69h-57.78V501C413.31 482.38 504 379.78 504 256z\"><\/path><\/svg>\t\t\t\t\t<\/a>\n\t\t\t\t<\/span>\n\t\t\t\t\t\t\t<span class=\"elementor-grid-item\" role=\"listitem\">\n\t\t\t\t\t<a class=\"elementor-icon elementor-social-icon elementor-social-icon-tiktok elementor-animation-pulse elementor-repeater-item-1d9470d\" href=\"https:\/\/www.tiktok.com\/@rafakambo?_t=ZS-90SpIqbS34X&#038;_r=1\" target=\"_blank\">\n\t\t\t\t\t\t<span class=\"elementor-screen-only\">Tiktok<\/span>\n\t\t\t\t\t\t<svg aria-hidden=\"true\" class=\"e-font-icon-svg e-fab-tiktok\" viewbox=\"0 0 448 512\" xmlns=\"http:\/\/www.w3.org\/2000\/svg\"><path d=\"M448,209.91a210.06,210.06,0,0,1-122.77-39.25V349.38A162.55,162.55,0,1,1,185,188.31V278.2a74.62,74.62,0,1,0,52.23,71.18V0l88,0a121.18,121.18,0,0,0,1.86,22.17h0A122.18,122.18,0,0,0,381,102.39a121.43,121.43,0,0,0,67,20.14Z\"><\/path><\/svg>\t\t\t\t\t<\/a>\n\t\t\t\t<\/span>\n\t\t\t\t\t\t\t<span class=\"elementor-grid-item\" role=\"listitem\">\n\t\t\t\t\t<a class=\"elementor-icon elementor-social-icon elementor-social-icon-linkedin elementor-animation-pulse elementor-repeater-item-bc2095a\" href=\"https:\/\/www.linkedin.com\/authwall?trk=bf&#038;trkInfo=AQHL1AMHTZxTxwAAAZj4ANlwJfzyGaaH7rtaIPqVE2CG35gKCo91bAwnK3EQBmCNu0u9PFj27TIP_Nry89Ibf8WK7jpYAbL2UbNquQVaFg7SRRFnYqu5vU_AKKQXqaeHF1MiqPs=&#038;original_referer=&#038;sessionRedirect=https%3A%2F%2Fwww.linkedin.com%2Fin%2Frafa-mcguire-a45987359\" target=\"_blank\">\n\t\t\t\t\t\t<span class=\"elementor-screen-only\">Linkedin<\/span>\n\t\t\t\t\t\t<svg aria-hidden=\"true\" class=\"e-font-icon-svg e-fab-linkedin\" viewbox=\"0 0 448 512\" xmlns=\"http:\/\/www.w3.org\/2000\/svg\"><path d=\"M416 32H31.9C14.3 32 0 46.5 0 64.3v383.4C0 465.5 14.3 480 31.9 480H416c17.6 0 32-14.5 32-32.3V64.3c0-17.8-14.4-32.3-32-32.3zM135.4 416H69V202.2h66.5V416zm-33.2-243c-21.3 0-38.5-17.3-38.5-38.5S80.9 96 102.2 96c21.2 0 38.5 17.3 38.5 38.5 0 21.3-17.2 38.5-38.5 38.5zm282.1 243h-66.4V312c0-24.8-.5-56.7-34.5-56.7-34.6 0-39.9 27-39.9 54.9V416h-66.4V202.2h63.7v29.2h.9c8.9-16.8 30.6-34.5 62.9-34.5 67.2 0 79.7 44.3 79.7 101.9V416z\"><\/path><\/svg>\t\t\t\t\t<\/a>\n\t\t\t\t<\/span>\n\t\t\t\t\t<\/div>\n\t\t\t\t\t\t<\/div>\n\t\t\t\t<\/div>\n\t\t<div class=\"elementor-element elementor-element-04a74a1 e-con-full scrollable-column e-flex elementor-invisible e-con e-child\" data-id=\"04a74a1\" data-element_type=\"container\" data-e-type=\"container\" data-settings=\"{&quot;background_background&quot;:&quot;classic&quot;,&quot;animation&quot;:&quot;bounce&quot;}\">\n\t\t\t\t<div class=\"elementor-element elementor-element-4c1074f elementor-widget elementor-widget-image\" data-id=\"4c1074f\" data-element_type=\"widget\" data-e-type=\"widget\" data-widget_type=\"image.default\">\n\t\t\t\t\t\t\t\t\t\t\t\t\t\t\t<img fetchpriority=\"high\" decoding=\"async\" width=\"2560\" height=\"1982\" src=\"https:\/\/rafakambo.com\/wp-content\/uploads\/2025\/08\/IMG_1508-scaled.jpg\" class=\"attachment-full size-full wp-image-129\" alt=\"\" srcset=\"https:\/\/rafakambo.com\/wp-content\/uploads\/2025\/08\/IMG_1508-scaled.jpg 2560w, https:\/\/rafakambo.com\/wp-content\/uploads\/2025\/08\/IMG_1508-300x232.jpg 300w, https:\/\/rafakambo.com\/wp-content\/uploads\/2025\/08\/IMG_1508-1024x793.jpg 1024w, https:\/\/rafakambo.com\/wp-content\/uploads\/2025\/08\/IMG_1508-768x595.jpg 768w, https:\/\/rafakambo.com\/wp-content\/uploads\/2025\/08\/IMG_1508-1536x1189.jpg 1536w, https:\/\/rafakambo.com\/wp-content\/uploads\/2025\/08\/IMG_1508-2048x1585.jpg 2048w\" sizes=\"(max-width: 2560px) 100vw, 2560px\" \/>\t\t\t\t\t\t\t\t\t\t\t\t\t\t\t<\/div>\n\t\t\t\t<\/div>\n\t\t\t\t<\/div>\n\t\t\t\t<\/div>","protected":false},"excerpt":{"rendered":"<p>Rafa McGuire Practicante de Kambo Certificado Mi Camino con la Ansiedad y el Kambo Durante mucho tiempo viv\u00ed con ansiedad. Un dolor silencioso, que casi nadie pod\u00eda ver, pero que me acompa\u00f1aba todos los d\u00edas: pensamientos obsesivos, presi\u00f3n constante en el pecho, insomnio, miedo y desconexi\u00f3n. Busqu\u00e9 respuestas en muchos lugares. Prob\u00e9 distintas terapias, herramientas [&hellip;]<\/p>","protected":false},"author":1,"featured_media":0,"parent":0,"menu_order":0,"comment_status":"closed","ping_status":"closed","template":"","meta":{"footnotes":""},"class_list":["post-120","page","type-page","status-publish","hentry"],"yoast_head":"<!-- This site is optimized with the Yoast SEO plugin v27.4 - https:\/\/yoast.com\/product\/yoast-seo-wordpress\/ -->\n<title>Rafa McGuire - Rafa Kambo<\/title>\n<meta name=\"robots\" content=\"index, follow, max-snippet:-1, max-image-preview:large, max-video-preview:-1\" \/>\n<link rel=\"canonical\" href=\"https:\/\/rafakambo.com\/en\/rafa-mcguire\/\" \/>\n<meta property=\"og:locale\" content=\"en_US\" \/>\n<meta property=\"og:type\" content=\"article\" \/>\n<meta property=\"og:title\" content=\"Rafa McGuire - Rafa Kambo\" \/>\n<meta property=\"og:description\" content=\"Rafa McGuire Practicante de Kambo Certificado Mi Camino con la Ansiedad y el Kambo Durante mucho tiempo viv\u00ed con ansiedad. Un dolor silencioso, que casi nadie pod\u00eda ver, pero que me acompa\u00f1aba todos los d\u00edas: pensamientos obsesivos, presi\u00f3n constante en el pecho, insomnio, miedo y desconexi\u00f3n. Busqu\u00e9 respuestas en muchos lugares. Prob\u00e9 distintas terapias, herramientas [&hellip;]\" \/>\n<meta property=\"og:url\" content=\"https:\/\/rafakambo.com\/en\/rafa-mcguire\/\" \/>\n<meta property=\"og:site_name\" content=\"Rafa Kambo\" \/>\n<meta property=\"article:modified_time\" content=\"2026-02-13T21:47:43+00:00\" \/>\n<meta property=\"og:image\" content=\"https:\/\/rafakambo.com\/wp-content\/uploads\/2025\/08\/IMG_1508-scaled.jpg\" \/>\n\t<meta property=\"og:image:width\" content=\"2560\" \/>\n\t<meta property=\"og:image:height\" content=\"1982\" \/>\n\t<meta property=\"og:image:type\" content=\"image\/jpeg\" \/>\n<meta name=\"twitter:card\" content=\"summary_large_image\" \/>\n<meta name=\"twitter:label1\" content=\"Est. reading time\" \/>\n\t<meta name=\"twitter:data1\" content=\"1 minute\" \/>\n<script type=\"application\/ld+json\" class=\"yoast-schema-graph\">{\"@context\":\"https:\\\/\\\/schema.org\",\"@graph\":[{\"@type\":\"WebPage\",\"@id\":\"https:\\\/\\\/rafakambo.com\\\/rafa-mcguire\\\/\",\"url\":\"https:\\\/\\\/rafakambo.com\\\/rafa-mcguire\\\/\",\"name\":\"Rafa McGuire - Rafa Kambo\",\"isPartOf\":{\"@id\":\"https:\\\/\\\/rafakambo.com\\\/#website\"},\"primaryImageOfPage\":{\"@id\":\"https:\\\/\\\/rafakambo.com\\\/rafa-mcguire\\\/#primaryimage\"},\"image\":{\"@id\":\"https:\\\/\\\/rafakambo.com\\\/rafa-mcguire\\\/#primaryimage\"},\"thumbnailUrl\":\"http:\\\/\\\/rafakambo.com\\\/wp-content\\\/uploads\\\/2025\\\/08\\\/IMG_1508-scaled.jpg\",\"datePublished\":\"2025-08-29T22:42:19+00:00\",\"dateModified\":\"2026-02-13T21:47:43+00:00\",\"breadcrumb\":{\"@id\":\"https:\\\/\\\/rafakambo.com\\\/rafa-mcguire\\\/#breadcrumb\"},\"inLanguage\":\"en-US\",\"potentialAction\":[{\"@type\":\"ReadAction\",\"target\":[\"https:\\\/\\\/rafakambo.com\\\/rafa-mcguire\\\/\"]}]},{\"@type\":\"ImageObject\",\"inLanguage\":\"en-US\",\"@id\":\"https:\\\/\\\/rafakambo.com\\\/rafa-mcguire\\\/#primaryimage\",\"url\":\"http:\\\/\\\/rafakambo.com\\\/wp-content\\\/uploads\\\/2025\\\/08\\\/IMG_1508-scaled.jpg\",\"contentUrl\":\"http:\\\/\\\/rafakambo.com\\\/wp-content\\\/uploads\\\/2025\\\/08\\\/IMG_1508-scaled.jpg\"},{\"@type\":\"BreadcrumbList\",\"@id\":\"https:\\\/\\\/rafakambo.com\\\/rafa-mcguire\\\/#breadcrumb\",\"itemListElement\":[{\"@type\":\"ListItem\",\"position\":1,\"name\":\"Home\",\"item\":\"https:\\\/\\\/rafakambo.com\\\/\"},{\"@type\":\"ListItem\",\"position\":2,\"name\":\"Rafa McGuire\"}]},{\"@type\":\"WebSite\",\"@id\":\"https:\\\/\\\/rafakambo.com\\\/#website\",\"url\":\"https:\\\/\\\/rafakambo.com\\\/\",\"name\":\"Rafa Kambo\",\"description\":\"\",\"publisher\":{\"@id\":\"https:\\\/\\\/rafakambo.com\\\/#organization\"},\"potentialAction\":[{\"@type\":\"SearchAction\",\"target\":{\"@type\":\"EntryPoint\",\"urlTemplate\":\"https:\\\/\\\/rafakambo.com\\\/?s={search_term_string}\"},\"query-input\":{\"@type\":\"PropertyValueSpecification\",\"valueRequired\":true,\"valueName\":\"search_term_string\"}}],\"inLanguage\":\"en-US\"},{\"@type\":\"Organization\",\"@id\":\"https:\\\/\\\/rafakambo.com\\\/#organization\",\"name\":\"Rafa Kambo\",\"url\":\"https:\\\/\\\/rafakambo.com\\\/\",\"logo\":{\"@type\":\"ImageObject\",\"inLanguage\":\"en-US\",\"@id\":\"https:\\\/\\\/rafakambo.com\\\/#\\\/schema\\\/logo\\\/image\\\/\",\"url\":\"https:\\\/\\\/rafakambo.com\\\/wp-content\\\/uploads\\\/2025\\\/08\\\/logo-kambo.webp\",\"contentUrl\":\"https:\\\/\\\/rafakambo.com\\\/wp-content\\\/uploads\\\/2025\\\/08\\\/logo-kambo.webp\",\"width\":2048,\"height\":2048,\"caption\":\"Rafa Kambo\"},\"image\":{\"@id\":\"https:\\\/\\\/rafakambo.com\\\/#\\\/schema\\\/logo\\\/image\\\/\"}}]}<\/script>\n<!-- \/ Yoast SEO plugin. -->","yoast_head_json":{"title":"Rafa McGuire - Rafa Kambo","robots":{"index":"index","follow":"follow","max-snippet":"max-snippet:-1","max-image-preview":"max-image-preview:large","max-video-preview":"max-video-preview:-1"},"canonical":"https:\/\/rafakambo.com\/en\/rafa-mcguire\/","og_locale":"en_US","og_type":"article","og_title":"Rafa McGuire - Rafa Kambo","og_description":"Rafa McGuire Practicante de Kambo Certificado Mi Camino con la Ansiedad y el Kambo Durante mucho tiempo viv\u00ed con ansiedad. Un dolor silencioso, que casi nadie pod\u00eda ver, pero que me acompa\u00f1aba todos los d\u00edas: pensamientos obsesivos, presi\u00f3n constante en el pecho, insomnio, miedo y desconexi\u00f3n. Busqu\u00e9 respuestas en muchos lugares. Prob\u00e9 distintas terapias, herramientas [&hellip;]","og_url":"https:\/\/rafakambo.com\/en\/rafa-mcguire\/","og_site_name":"Rafa Kambo","article_modified_time":"2026-02-13T21:47:43+00:00","og_image":[{"width":2560,"height":1982,"url":"https:\/\/rafakambo.com\/wp-content\/uploads\/2025\/08\/IMG_1508-scaled.jpg","type":"image\/jpeg"}],"twitter_card":"summary_large_image","twitter_misc":{"Est. reading time":"1 minute"},"schema":{"@context":"https:\/\/schema.org","@graph":[{"@type":"WebPage","@id":"https:\/\/rafakambo.com\/rafa-mcguire\/","url":"https:\/\/rafakambo.com\/rafa-mcguire\/","name":"Rafa McGuire - Rafa Kambo","isPartOf":{"@id":"https:\/\/rafakambo.com\/#website"},"primaryImageOfPage":{"@id":"https:\/\/rafakambo.com\/rafa-mcguire\/#primaryimage"},"image":{"@id":"https:\/\/rafakambo.com\/rafa-mcguire\/#primaryimage"},"thumbnailUrl":"http:\/\/rafakambo.com\/wp-content\/uploads\/2025\/08\/IMG_1508-scaled.jpg","datePublished":"2025-08-29T22:42:19+00:00","dateModified":"2026-02-13T21:47:43+00:00","breadcrumb":{"@id":"https:\/\/rafakambo.com\/rafa-mcguire\/#breadcrumb"},"inLanguage":"en-US","potentialAction":[{"@type":"ReadAction","target":["https:\/\/rafakambo.com\/rafa-mcguire\/"]}]},{"@type":"ImageObject","inLanguage":"en-US","@id":"https:\/\/rafakambo.com\/rafa-mcguire\/#primaryimage","url":"http:\/\/rafakambo.com\/wp-content\/uploads\/2025\/08\/IMG_1508-scaled.jpg","contentUrl":"http:\/\/rafakambo.com\/wp-content\/uploads\/2025\/08\/IMG_1508-scaled.jpg"},{"@type":"BreadcrumbList","@id":"https:\/\/rafakambo.com\/rafa-mcguire\/#breadcrumb","itemListElement":[{"@type":"ListItem","position":1,"name":"Home","item":"https:\/\/rafakambo.com\/"},{"@type":"ListItem","position":2,"name":"Rafa McGuire"}]},{"@type":"WebSite","@id":"https:\/\/rafakambo.com\/#website","url":"https:\/\/rafakambo.com\/","name":"Rafa Kambo","description":"","publisher":{"@id":"https:\/\/rafakambo.com\/#organization"},"potentialAction":[{"@type":"SearchAction","target":{"@type":"EntryPoint","urlTemplate":"https:\/\/rafakambo.com\/?s={search_term_string}"},"query-input":{"@type":"PropertyValueSpecification","valueRequired":true,"valueName":"search_term_string"}}],"inLanguage":"en-US"},{"@type":"Organization","@id":"https:\/\/rafakambo.com\/#organization","name":"Rafa Kambo","url":"https:\/\/rafakambo.com\/","logo":{"@type":"ImageObject","inLanguage":"en-US","@id":"https:\/\/rafakambo.com\/#\/schema\/logo\/image\/","url":"https:\/\/rafakambo.com\/wp-content\/uploads\/2025\/08\/logo-kambo.webp","contentUrl":"https:\/\/rafakambo.com\/wp-content\/uploads\/2025\/08\/logo-kambo.webp","width":2048,"height":2048,"caption":"Rafa Kambo"},"image":{"@id":"https:\/\/rafakambo.com\/#\/schema\/logo\/image\/"}}]}},"_links":{"self":[{"href":"https:\/\/rafakambo.com\/en\/wp-json\/wp\/v2\/pages\/120","targetHints":{"allow":["GET"]}}],"collection":[{"href":"https:\/\/rafakambo.com\/en\/wp-json\/wp\/v2\/pages"}],"about":[{"href":"https:\/\/rafakambo.com\/en\/wp-json\/wp\/v2\/types\/page"}],"author":[{"embeddable":true,"href":"https:\/\/rafakambo.com\/en\/wp-json\/wp\/v2\/users\/1"}],"replies":[{"embeddable":true,"href":"https:\/\/rafakambo.com\/en\/wp-json\/wp\/v2\/comments?post=120"}],"version-history":[{"count":37,"href":"https:\/\/rafakambo.com\/en\/wp-json\/wp\/v2\/pages\/120\/revisions"}],"predecessor-version":[{"id":571,"href":"https:\/\/rafakambo.com\/en\/wp-json\/wp\/v2\/pages\/120\/revisions\/571"}],"wp:attachment":[{"href":"https:\/\/rafakambo.com\/en\/wp-json\/wp\/v2\/media?parent=120"}],"curies":[{"name":"wp","href":"https:\/\/api.w.org\/{rel}","templated":true}]}}