{"id":104,"date":"2025-08-29T17:33:59","date_gmt":"2025-08-29T17:33:59","guid":{"rendered":"https:\/\/rafakambo.com\/?page_id=104"},"modified":"2026-01-12T18:35:58","modified_gmt":"2026-01-12T18:35:58","slug":"que-es-kambo","status":"publish","type":"page","link":"https:\/\/rafakambo.com\/en\/que-es-kambo\/","title":{"rendered":"Que es Kambo"},"content":{"rendered":"<div data-elementor-type=\"wp-page\" data-elementor-id=\"104\" class=\"elementor elementor-104\" data-elementor-post-type=\"page\">\n\t\t\t\t<div class=\"elementor-element elementor-element-8a57f34 e-flex e-con-boxed e-con e-parent\" data-id=\"8a57f34\" data-element_type=\"container\" data-e-type=\"container\" data-settings=\"{&quot;background_background&quot;:&quot;classic&quot;}\">\n\t\t\t\t\t<div class=\"e-con-inner\">\n\t\t<div class=\"elementor-element elementor-element-a298c6b e-con-full e-flex e-con e-child\" data-id=\"a298c6b\" data-element_type=\"container\" data-e-type=\"container\">\n\t\t\t\t<div class=\"elementor-element elementor-element-4bc25cc elementor-invisible elementor-widget elementor-widget-heading\" data-id=\"4bc25cc\" data-element_type=\"widget\" data-e-type=\"widget\" data-settings=\"{&quot;_animation&quot;:&quot;bounceInUp&quot;}\" data-widget_type=\"heading.default\">\n\t\t\t\t\t<h2 class=\"elementor-heading-title elementor-size-default\">What is Kambo?<\/h2>\t\t\t\t<\/div>\n\t\t\t\t<div class=\"elementor-element elementor-element-0cf4ee9 elementor-widget elementor-widget-html\" data-id=\"0cf4ee9\" data-element_type=\"widget\" data-e-type=\"widget\" data-widget_type=\"html.default\">\n\t\t\t\t\t<!-- Breadcrumb elegante centrado -->\r\n<link href=\"https:\/\/fonts.googleapis.com\/css2?family=Poppins:wght@400;500;600&display=swap\" rel=\"stylesheet\">\r\n\r\n<nav class=\"crumbs\" aria-label=\"breadcrumb\">\r\n  <ol>\r\n    <li><a href=\"\/en\/\">Home<\/a><\/li>\r\n    <li>\r\n      <svg aria-hidden=\"true\" viewbox=\"0 0 24 24\" width=\"16\" height=\"16\"><path d=\"M9 6l6 6-6 6\" fill=\"none\" stroke=\"currentColor\" stroke-width=\"2\" stroke-linecap=\"round\" stroke-linejoin=\"round\"\/><\/svg>\r\n      <span aria-current=\"page\" style=\"color:#fff;\">What is Kambo?<\/span>\r\n    <\/li>\r\n  <\/ol>\r\n<\/nav>\r\n\r\n<style>\r\n  :root { --brand:#4CAF50; --text:#2b2b2b; --muted:#6b7280; }\r\n\r\n  .crumbs {\r\n    font-family: \"Poppins\", system-ui, -apple-system, Segoe UI, Roboto, Arial, sans-serif;\r\n    display: block;\r\n    width: 100%;\r\n    text-align: center;        \/* centrado *\/\r\n    margin: 12px 0 24px;\r\n  }\r\n\r\n  .crumbs ol {\r\n    display: inline-flex;      \/* centra el conjunto *\/\r\n    align-items: center;\r\n    gap: 10px;\r\n    padding: 10px 16px;\r\n    margin: 0;\r\n    list-style: none;\r\n    background: rgba(76,175,80,.06); \/* sutil pill *\/\r\n    border: 1px solid rgba(76,175,80,.18);\r\n    border-radius: 999px;\r\n    box-shadow: 0 6px 20px rgba(76,175,80,.08);\r\n  }\r\n\r\n  .crumbs li {\r\n    display: inline-flex;\r\n    align-items: center;\r\n    gap: 10px;\r\n    font-size: 14px;\r\n    color: var(--muted);\r\n    white-space: nowrap;\r\n  }\r\n\r\n  .crumbs a {\r\n    color: var(--brand);\r\n    text-decoration: none;\r\n    font-weight: 500;\r\n    transition: opacity .2s ease, transform .2s ease;\r\n  }\r\n  .crumbs a:hover { opacity: .85; transform: translateY(-1px); }\r\n\r\n  .crumbs svg {\r\n    color: rgba(76,175,80,.8);\r\n    flex: 0 0 auto;\r\n  }\r\n\r\n  .crumbs [aria-current=\"page\"] {\r\n    color: var(--text);\r\n    font-weight: 600;\r\n  }\r\n\r\n  \/* Responsivo *\/\r\n  @media (max-width: 480px) {\r\n    .crumbs ol { gap: 6px; padding: 8px 12px; }\r\n    .crumbs li { font-size: 13px; gap: 6px; }\r\n    .crumbs svg { width: 14px; height: 14px; }\r\n  }\r\n<\/style>\r\n\t\t\t\t<\/div>\n\t\t\t\t<\/div>\n\t\t\t\t\t<\/div>\n\t\t\t\t<\/div>\n\t\t<div class=\"elementor-element elementor-element-1c84579 e-con-full e-flex e-con e-parent\" data-id=\"1c84579\" data-element_type=\"container\" data-e-type=\"container\">\n\t\t<div class=\"elementor-element elementor-element-a937789 e-con-full e-flex e-con e-child\" data-id=\"a937789\" data-element_type=\"container\" data-e-type=\"container\">\n\t\t\t\t<div class=\"elementor-element elementor-element-62233ae elementor-invisible elementor-widget elementor-widget-heading\" data-id=\"62233ae\" data-element_type=\"widget\" data-e-type=\"widget\" data-settings=\"{&quot;_animation&quot;:&quot;bounceInUp&quot;}\" data-widget_type=\"heading.default\">\n\t\t\t\t\t<h2 class=\"elementor-heading-title elementor-size-default\">The Wonders of Kambo<\/h2>\t\t\t\t<\/div>\n\t\t\t\t<div class=\"elementor-element elementor-element-b49fe8d elementor-invisible elementor-widget elementor-widget-text-editor\" data-id=\"b49fe8d\" data-element_type=\"widget\" data-e-type=\"widget\" data-settings=\"{&quot;_animation&quot;:&quot;bounceInUp&quot;}\" data-widget_type=\"text-editor.default\">\n\t\t\t\t\t\t\t\t\t<strong>Kambo<\/strong>, known as the secretion of the Amazonian frog <em>Phyllomedusa bicolor frog<\/em>is a fascinating biological phenomenon that has been used by Indigenous tribes for centuries. Its\nsecretion contains a complex blend of bioactive peptides, renowned for their\neffects on physical and mental well-being.\n<br><br>\nThe prestigious Italian pharmacologist <strong>Vittorio Erspamer<\/strong>of the University of Rome \u2014 twice nominated for the Nobel Prize \u2014 was one of the first to study Kambo in the laboratory. He described its secretion as \u201can extraordinary chemical cocktail, unparalleled in the amphibian world, with potential medical applications.\u201d\n<br><br>\nKambo peptides act on various systems of the body:\n<ul><br>\n \t<li class=\"translation-block\"><strong>Gastrointestinal:<\/strong> aid digestion and support satiety.<\/li><br>\n \t<li class=\"translation-block\"><strong>Cardiovascular:<\/strong> may help regulate blood pressure and circulation.<\/li><br>\n \t<li><strong>Immune<\/strong>: strengthen the body\u2019s natural defenses.<\/li><br>\n \t<li><strong>Nervous<\/strong>: some act as natural analgesics and promote mental clarity.<\/li><br>\n<\/ul>\nFor Amazonian tribes, Kambo is known as <strong>\u201cHunting Magic\u201d<\/strong>capable of strengthening the body, sharpening the senses, and bringing energy and endurance. Beyond the physical, many practitioners emphasize that it promotes inner peace, mental clarity, and a deeper connection to the essence of life.\t\t\t\t\t\t\t\t<\/div>\n\t\t\t\t<\/div>\n\t\t<div class=\"elementor-element elementor-element-a9e2483 e-con-full e-flex elementor-invisible e-con e-child\" data-id=\"a9e2483\" data-element_type=\"container\" data-e-type=\"container\" data-settings=\"{&quot;background_background&quot;:&quot;classic&quot;,&quot;animation&quot;:&quot;bounce&quot;}\">\n\t\t\t\t<\/div>\n\t\t\t\t<\/div>\n\t\t<div class=\"elementor-element elementor-element-efa9182 e-flex e-con-boxed e-con e-parent\" data-id=\"efa9182\" data-element_type=\"container\" data-e-type=\"container\" data-settings=\"{&quot;background_background&quot;:&quot;classic&quot;}\">\n\t\t\t\t\t<div class=\"e-con-inner\">\n\t\t\t\t<div class=\"elementor-element elementor-element-1ee8c54 elementor-widget elementor-widget-video\" data-id=\"1ee8c54\" data-element_type=\"widget\" data-e-type=\"widget\" data-settings=\"{&quot;youtube_url&quot;:&quot;youtube.com\\\/watch?v=mbqxjVir6g4&amp;embeds_referring_euri=https%3A%2F%2Fwww.tribaldetox.com%2F&amp;source_ve_path=MjM4NTE&quot;,&quot;yt_privacy&quot;:&quot;yes&quot;,&quot;lazy_load&quot;:&quot;yes&quot;,&quot;show_image_overlay&quot;:&quot;yes&quot;,&quot;image_overlay&quot;:{&quot;url&quot;:&quot;http:\\\/\\\/rafakambo.com\\\/wp-content\\\/uploads\\\/2025\\\/08\\\/2780-1.png&quot;,&quot;id&quot;:66,&quot;size&quot;:&quot;&quot;,&quot;alt&quot;:&quot;&quot;,&quot;source&quot;:&quot;library&quot;},&quot;video_type&quot;:&quot;youtube&quot;,&quot;controls&quot;:&quot;yes&quot;}\" data-widget_type=\"video.default\">\n\t\t\t\t\t\t\t<div class=\"elementor-wrapper elementor-open-inline\">\n\t\t\t<div class=\"elementor-video\"><\/div>\t\t\t\t<div class=\"elementor-custom-embed-image-overlay\" style=\"background-image: url(https:\/\/rafakambo.com\/wp-content\/uploads\/2025\/08\/2780-1.png);\">\n\t\t\t\t\t\t\t\t\t\t\t\t\t\t\t\t<div class=\"elementor-custom-embed-play\" role=\"button\" aria-label=\"Play Video\" tabindex=\"0\">\n\t\t\t\t\t\t\t<svg aria-hidden=\"true\" class=\"e-font-icon-svg e-eicon-play\" viewbox=\"0 0 1000 1000\" xmlns=\"http:\/\/www.w3.org\/2000\/svg\"><path d=\"M838 162C746 71 633 25 500 25 371 25 258 71 163 162 71 254 25 367 25 500 25 633 71 746 163 837 254 929 367 979 500 979 633 979 746 933 838 837 929 746 975 633 975 500 975 367 929 254 838 162M808 192C892 279 933 379 933 500 933 621 892 725 808 808 725 892 621 938 500 938 379 938 279 896 196 808 113 725 67 621 67 500 67 379 108 279 196 192 279 108 383 62 500 62 621 62 721 108 808 192M438 392V642L642 517 438 392Z\"><\/path><\/svg>\t\t\t\t\t\t<\/div>\n\t\t\t\t\t\t\t\t\t<\/div>\n\t\t\t\t\t<\/div>\n\t\t\t\t\t\t<\/div>\n\t\t\t\t\t<\/div>\n\t\t\t\t<\/div>\n\t\t\t\t<\/div>","protected":false},"excerpt":{"rendered":"<p>\u00bfqu\u00e9 es kambo? Inicio \u00bfQu\u00e9 es Kambo? Las maravillas del Kambo Kambo, conocido como la secreci\u00f3n de la rana amaz\u00f3nica Phyllomedusa bicolor, es un fen\u00f3meno biol\u00f3gico fascinante que ha sido utilizado por las tribus ind\u00edgenas durante siglos. Su secreci\u00f3n contiene una compleja mezcla de p\u00e9ptidos bioactivos, reconocidos por sus efectos en el bienestar f\u00edsico y [&hellip;]<\/p>","protected":false},"author":1,"featured_media":0,"parent":0,"menu_order":0,"comment_status":"closed","ping_status":"closed","template":"","meta":{"footnotes":""},"class_list":["post-104","page","type-page","status-publish","hentry"],"yoast_head":"<!-- This site is optimized with the Yoast SEO plugin v27.4 - https:\/\/yoast.com\/product\/yoast-seo-wordpress\/ -->\n<title>Que es Kambo - Rafa Kambo<\/title>\n<meta name=\"robots\" content=\"index, follow, max-snippet:-1, max-image-preview:large, max-video-preview:-1\" \/>\n<link rel=\"canonical\" href=\"https:\/\/rafakambo.com\/en\/que-es-kambo\/\" \/>\n<meta property=\"og:locale\" content=\"en_US\" \/>\n<meta property=\"og:type\" content=\"article\" \/>\n<meta property=\"og:title\" content=\"Que es Kambo - Rafa Kambo\" \/>\n<meta property=\"og:description\" content=\"\u00bfqu\u00e9 es kambo? Inicio \u00bfQu\u00e9 es Kambo? Las maravillas del Kambo Kambo, conocido como la secreci\u00f3n de la rana amaz\u00f3nica Phyllomedusa bicolor, es un fen\u00f3meno biol\u00f3gico fascinante que ha sido utilizado por las tribus ind\u00edgenas durante siglos. Su secreci\u00f3n contiene una compleja mezcla de p\u00e9ptidos bioactivos, reconocidos por sus efectos en el bienestar f\u00edsico y [&hellip;]\" \/>\n<meta property=\"og:url\" content=\"https:\/\/rafakambo.com\/en\/que-es-kambo\/\" \/>\n<meta property=\"og:site_name\" content=\"Rafa Kambo\" \/>\n<meta property=\"article:modified_time\" content=\"2026-01-12T18:35:58+00:00\" \/>\n<meta name=\"twitter:card\" content=\"summary_large_image\" \/>\n<meta name=\"twitter:label1\" content=\"Est. reading time\" \/>\n\t<meta name=\"twitter:data1\" content=\"1 minute\" \/>\n<script type=\"application\/ld+json\" class=\"yoast-schema-graph\">{\"@context\":\"https:\\\/\\\/schema.org\",\"@graph\":[{\"@type\":\"WebPage\",\"@id\":\"https:\\\/\\\/rafakambo.com\\\/que-es-kambo\\\/\",\"url\":\"https:\\\/\\\/rafakambo.com\\\/que-es-kambo\\\/\",\"name\":\"Que es Kambo - Rafa Kambo\",\"isPartOf\":{\"@id\":\"https:\\\/\\\/rafakambo.com\\\/#website\"},\"datePublished\":\"2025-08-29T17:33:59+00:00\",\"dateModified\":\"2026-01-12T18:35:58+00:00\",\"breadcrumb\":{\"@id\":\"https:\\\/\\\/rafakambo.com\\\/que-es-kambo\\\/#breadcrumb\"},\"inLanguage\":\"en-US\",\"potentialAction\":[{\"@type\":\"ReadAction\",\"target\":[\"https:\\\/\\\/rafakambo.com\\\/que-es-kambo\\\/\"]}]},{\"@type\":\"BreadcrumbList\",\"@id\":\"https:\\\/\\\/rafakambo.com\\\/que-es-kambo\\\/#breadcrumb\",\"itemListElement\":[{\"@type\":\"ListItem\",\"position\":1,\"name\":\"Home\",\"item\":\"https:\\\/\\\/rafakambo.com\\\/\"},{\"@type\":\"ListItem\",\"position\":2,\"name\":\"Que es Kambo\"}]},{\"@type\":\"WebSite\",\"@id\":\"https:\\\/\\\/rafakambo.com\\\/#website\",\"url\":\"https:\\\/\\\/rafakambo.com\\\/\",\"name\":\"Rafa Kambo\",\"description\":\"\",\"publisher\":{\"@id\":\"https:\\\/\\\/rafakambo.com\\\/#organization\"},\"potentialAction\":[{\"@type\":\"SearchAction\",\"target\":{\"@type\":\"EntryPoint\",\"urlTemplate\":\"https:\\\/\\\/rafakambo.com\\\/?s={search_term_string}\"},\"query-input\":{\"@type\":\"PropertyValueSpecification\",\"valueRequired\":true,\"valueName\":\"search_term_string\"}}],\"inLanguage\":\"en-US\"},{\"@type\":\"Organization\",\"@id\":\"https:\\\/\\\/rafakambo.com\\\/#organization\",\"name\":\"Rafa Kambo\",\"url\":\"https:\\\/\\\/rafakambo.com\\\/\",\"logo\":{\"@type\":\"ImageObject\",\"inLanguage\":\"en-US\",\"@id\":\"https:\\\/\\\/rafakambo.com\\\/#\\\/schema\\\/logo\\\/image\\\/\",\"url\":\"https:\\\/\\\/rafakambo.com\\\/wp-content\\\/uploads\\\/2025\\\/08\\\/logo-kambo.webp\",\"contentUrl\":\"https:\\\/\\\/rafakambo.com\\\/wp-content\\\/uploads\\\/2025\\\/08\\\/logo-kambo.webp\",\"width\":2048,\"height\":2048,\"caption\":\"Rafa Kambo\"},\"image\":{\"@id\":\"https:\\\/\\\/rafakambo.com\\\/#\\\/schema\\\/logo\\\/image\\\/\"}}]}<\/script>\n<!-- \/ Yoast SEO plugin. -->","yoast_head_json":{"title":"Que es Kambo - Rafa Kambo","robots":{"index":"index","follow":"follow","max-snippet":"max-snippet:-1","max-image-preview":"max-image-preview:large","max-video-preview":"max-video-preview:-1"},"canonical":"https:\/\/rafakambo.com\/en\/que-es-kambo\/","og_locale":"en_US","og_type":"article","og_title":"Que es Kambo - Rafa Kambo","og_description":"\u00bfqu\u00e9 es kambo? Inicio \u00bfQu\u00e9 es Kambo? Las maravillas del Kambo Kambo, conocido como la secreci\u00f3n de la rana amaz\u00f3nica Phyllomedusa bicolor, es un fen\u00f3meno biol\u00f3gico fascinante que ha sido utilizado por las tribus ind\u00edgenas durante siglos. Su secreci\u00f3n contiene una compleja mezcla de p\u00e9ptidos bioactivos, reconocidos por sus efectos en el bienestar f\u00edsico y [&hellip;]","og_url":"https:\/\/rafakambo.com\/en\/que-es-kambo\/","og_site_name":"Rafa Kambo","article_modified_time":"2026-01-12T18:35:58+00:00","twitter_card":"summary_large_image","twitter_misc":{"Est. reading time":"1 minute"},"schema":{"@context":"https:\/\/schema.org","@graph":[{"@type":"WebPage","@id":"https:\/\/rafakambo.com\/que-es-kambo\/","url":"https:\/\/rafakambo.com\/que-es-kambo\/","name":"Que es Kambo - Rafa Kambo","isPartOf":{"@id":"https:\/\/rafakambo.com\/#website"},"datePublished":"2025-08-29T17:33:59+00:00","dateModified":"2026-01-12T18:35:58+00:00","breadcrumb":{"@id":"https:\/\/rafakambo.com\/que-es-kambo\/#breadcrumb"},"inLanguage":"en-US","potentialAction":[{"@type":"ReadAction","target":["https:\/\/rafakambo.com\/que-es-kambo\/"]}]},{"@type":"BreadcrumbList","@id":"https:\/\/rafakambo.com\/que-es-kambo\/#breadcrumb","itemListElement":[{"@type":"ListItem","position":1,"name":"Home","item":"https:\/\/rafakambo.com\/"},{"@type":"ListItem","position":2,"name":"Que es Kambo"}]},{"@type":"WebSite","@id":"https:\/\/rafakambo.com\/#website","url":"https:\/\/rafakambo.com\/","name":"Rafa Kambo","description":"","publisher":{"@id":"https:\/\/rafakambo.com\/#organization"},"potentialAction":[{"@type":"SearchAction","target":{"@type":"EntryPoint","urlTemplate":"https:\/\/rafakambo.com\/?s={search_term_string}"},"query-input":{"@type":"PropertyValueSpecification","valueRequired":true,"valueName":"search_term_string"}}],"inLanguage":"en-US"},{"@type":"Organization","@id":"https:\/\/rafakambo.com\/#organization","name":"Rafa Kambo","url":"https:\/\/rafakambo.com\/","logo":{"@type":"ImageObject","inLanguage":"en-US","@id":"https:\/\/rafakambo.com\/#\/schema\/logo\/image\/","url":"https:\/\/rafakambo.com\/wp-content\/uploads\/2025\/08\/logo-kambo.webp","contentUrl":"https:\/\/rafakambo.com\/wp-content\/uploads\/2025\/08\/logo-kambo.webp","width":2048,"height":2048,"caption":"Rafa Kambo"},"image":{"@id":"https:\/\/rafakambo.com\/#\/schema\/logo\/image\/"}}]}},"_links":{"self":[{"href":"https:\/\/rafakambo.com\/en\/wp-json\/wp\/v2\/pages\/104","targetHints":{"allow":["GET"]}}],"collection":[{"href":"https:\/\/rafakambo.com\/en\/wp-json\/wp\/v2\/pages"}],"about":[{"href":"https:\/\/rafakambo.com\/en\/wp-json\/wp\/v2\/types\/page"}],"author":[{"embeddable":true,"href":"https:\/\/rafakambo.com\/en\/wp-json\/wp\/v2\/users\/1"}],"replies":[{"embeddable":true,"href":"https:\/\/rafakambo.com\/en\/wp-json\/wp\/v2\/comments?post=104"}],"version-history":[{"count":31,"href":"https:\/\/rafakambo.com\/en\/wp-json\/wp\/v2\/pages\/104\/revisions"}],"predecessor-version":[{"id":538,"href":"https:\/\/rafakambo.com\/en\/wp-json\/wp\/v2\/pages\/104\/revisions\/538"}],"wp:attachment":[{"href":"https:\/\/rafakambo.com\/en\/wp-json\/wp\/v2\/media?parent=104"}],"curies":[{"name":"wp","href":"https:\/\/api.w.org\/{rel}","templated":true}]}}